{"id":1881,"date":"2024-05-17T14:03:50","date_gmt":"2024-05-17T12:03:50","guid":{"rendered":"https:\/\/abmarine.dk.prolinux101.curanetserver.dk\/?page_id=1881"},"modified":"2025-09-17T11:28:45","modified_gmt":"2025-09-17T09:28:45","slug":"find-forhandler","status":"publish","type":"page","link":"https:\/\/abmarine.dk\/en\/find-forhandler\/","title":{"rendered":"Find dealer"},"content":{"rendered":"<div data-elementor-type=\"wp-page\" data-elementor-id=\"1881\" class=\"elementor elementor-1881\" data-elementor-post-type=\"page\">\n\t\t\t\t<div class=\"elementor-element elementor-element-6d108ba e-flex e-con-boxed e-con e-parent\" data-id=\"6d108ba\" data-element_type=\"container\">\n\t\t\t\t\t<div class=\"e-con-inner\">\n\t\t\t\t<div class=\"elementor-element elementor-element-1d628ac elementor-widget elementor-widget-heading\" data-id=\"1d628ac\" data-element_type=\"widget\" data-widget_type=\"heading.default\">\n\t\t\t\t<div class=\"elementor-widget-container\">\n\t\t\t\t\t<h2 class=\"elementor-heading-title elementor-size-default\">Contact us <\/h2>\t\t\t\t<\/div>\n\t\t\t\t<\/div>\n\t\t\t\t\t<\/div>\n\t\t\t\t<\/div>\n\t\t<div class=\"elementor-element elementor-element-58389c2 e-flex e-con-boxed e-con e-parent\" data-id=\"58389c2\" data-element_type=\"container\">\n\t\t\t\t\t<div class=\"e-con-inner\">\n\t\t<div class=\"elementor-element elementor-element-580fb0b e-con-full e-flex e-con e-child\" data-id=\"580fb0b\" data-element_type=\"container\">\n\t\t\t\t<div class=\"elementor-element elementor-element-28fe586 elementor-widget elementor-widget-jet-listing-grid\" data-id=\"28fe586\" data-element_type=\"widget\" data-settings=\"{&quot;columns&quot;:&quot;1&quot;,&quot;columns_tablet&quot;:&quot;1&quot;}\" data-widget_type=\"jet-listing-grid.default\">\n\t\t\t\t<div class=\"elementor-widget-container\">\n\t\t\t\t\t<div class=\"jet-listing-grid jet-listing\"><div class=\"jet-listing-grid__items grid-col-desk-1 grid-col-tablet-1 grid-col-mobile-1 jet-listing-grid--2508 jet-equal-columns__wrapper\" data-queried-id=\"1881|WP_Post\" data-nav=\"{&quot;enabled&quot;:false,&quot;type&quot;:null,&quot;more_el&quot;:null,&quot;query&quot;:[],&quot;widget_settings&quot;:{&quot;lisitng_id&quot;:2508,&quot;posts_num&quot;:999,&quot;columns&quot;:1,&quot;columns_tablet&quot;:1,&quot;columns_mobile&quot;:1,&quot;column_min_width&quot;:240,&quot;column_min_width_tablet&quot;:240,&quot;column_min_width_mobile&quot;:240,&quot;inline_columns_css&quot;:false,&quot;is_archive_template&quot;:&quot;&quot;,&quot;post_status&quot;:[&quot;publish&quot;],&quot;use_random_posts_num&quot;:&quot;&quot;,&quot;max_posts_num&quot;:9,&quot;not_found_message&quot;:&quot;Ingen forhandlere fundet&quot;,&quot;is_masonry&quot;:false,&quot;equal_columns_height&quot;:&quot;yes&quot;,&quot;use_load_more&quot;:&quot;&quot;,&quot;load_more_id&quot;:&quot;&quot;,&quot;load_more_type&quot;:&quot;click&quot;,&quot;load_more_offset&quot;:{&quot;unit&quot;:&quot;px&quot;,&quot;size&quot;:0,&quot;sizes&quot;:[]},&quot;use_custom_post_types&quot;:&quot;&quot;,&quot;custom_post_types&quot;:[],&quot;hide_widget_if&quot;:&quot;&quot;,&quot;carousel_enabled&quot;:&quot;&quot;,&quot;slides_to_scroll&quot;:&quot;1&quot;,&quot;arrows&quot;:&quot;true&quot;,&quot;arrow_icon&quot;:&quot;fa fa-angle-left&quot;,&quot;dots&quot;:&quot;&quot;,&quot;autoplay&quot;:&quot;true&quot;,&quot;pause_on_hover&quot;:&quot;true&quot;,&quot;autoplay_speed&quot;:5000,&quot;infinite&quot;:&quot;true&quot;,&quot;center_mode&quot;:&quot;&quot;,&quot;effect&quot;:&quot;slide&quot;,&quot;speed&quot;:500,&quot;inject_alternative_items&quot;:&quot;&quot;,&quot;injection_items&quot;:[{&quot;_id&quot;:&quot;f22c969&quot;,&quot;item&quot;:&quot;2508&quot;,&quot;item_num&quot;:1,&quot;inject_once&quot;:&quot;yes&quot;,&quot;item_colspan&quot;:&quot;2&quot;}],&quot;scroll_slider_enabled&quot;:&quot;&quot;,&quot;scroll_slider_on&quot;:[&quot;desktop&quot;,&quot;tablet&quot;,&quot;mobile&quot;],&quot;custom_query&quot;:false,&quot;custom_query_id&quot;:&quot;&quot;,&quot;_element_id&quot;:&quot;&quot;,&quot;collapse_first_last_gap&quot;:false,&quot;list_tag_selection&quot;:&quot;&quot;,&quot;list_items_wrapper_tag&quot;:&quot;div&quot;,&quot;list_item_tag&quot;:&quot;div&quot;,&quot;empty_items_wrapper_tag&quot;:&quot;div&quot;}}\" data-page=\"1\" data-pages=\"1\" data-listing-source=\"posts\" data-listing-id=\"2508\" data-query-id=\"\"><div class=\"jet-listing-grid__item jet-listing-dynamic-post-5788 jet-equal-columns\" data-post-id=\"5788\"  >\t\t<div data-elementor-type=\"jet-listing-items\" data-elementor-id=\"2508\" class=\"elementor elementor-2508\" data-elementor-post-type=\"jet-engine\">\n\t\t\t\t<div class=\"elementor-element elementor-element-68b19a4 e-con-full e-flex e-con e-parent\" data-id=\"68b19a4\" data-element_type=\"container\" data-settings=\"{&quot;background_background&quot;:&quot;classic&quot;}\">\n\t\t\t\t<div class=\"elementor-element elementor-element-ab22f0b elementor-widget elementor-widget-jet-listing-dynamic-field\" data-id=\"ab22f0b\" data-element_type=\"widget\" data-widget_type=\"jet-listing-dynamic-field.default\">\n\t\t\t\t<div class=\"elementor-widget-container\">\n\t\t\t\t\t<div class=\"jet-listing jet-listing-dynamic-field display-inline\"><div class=\"jet-listing-dynamic-field__inline-wrap\"><div class=\"jet-listing-dynamic-field__content\">AB Marine<\/div><\/div><\/div>\t\t\t\t<\/div>\n\t\t\t\t<\/div>\n\t\t\t\t<div class=\"elementor-element elementor-element-4bc958a lessb elementor-widget elementor-widget-jet-listing-dynamic-field\" data-id=\"4bc958a\" data-element_type=\"widget\" data-widget_type=\"jet-listing-dynamic-field.default\">\n\t\t\t\t<div class=\"elementor-widget-container\">\n\t\t\t\t\t<div class=\"jet-listing jet-listing-dynamic-field display-inline\"><div class=\"jet-listing-dynamic-field__inline-wrap\"><div class=\"jet-listing-dynamic-field__content\">Islandsvej 5<\/div><\/div><\/div>\t\t\t\t<\/div>\n\t\t\t\t<\/div>\n\t\t<div class=\"elementor-element elementor-element-df1807f e-con-full lessb e-flex e-con e-child\" data-id=\"df1807f\" data-element_type=\"container\">\n\t\t\t\t<div class=\"elementor-element elementor-element-b5c08a7 elementor-widget__width-auto elementor-widget elementor-widget-jet-listing-dynamic-field\" data-id=\"b5c08a7\" data-element_type=\"widget\" data-widget_type=\"jet-listing-dynamic-field.default\">\n\t\t\t\t<div class=\"elementor-widget-container\">\n\t\t\t\t\t<div class=\"jet-listing jet-listing-dynamic-field display-inline\"><div class=\"jet-listing-dynamic-field__inline-wrap\"><div class=\"jet-listing-dynamic-field__content\">5700<\/div><\/div><\/div>\t\t\t\t<\/div>\n\t\t\t\t<\/div>\n\t\t\t\t<div class=\"elementor-element elementor-element-200fd03 elementor-widget elementor-widget-jet-listing-dynamic-field\" data-id=\"200fd03\" data-element_type=\"widget\" data-widget_type=\"jet-listing-dynamic-field.default\">\n\t\t\t\t<div class=\"elementor-widget-container\">\n\t\t\t\t\t<div class=\"jet-listing jet-listing-dynamic-field display-inline\"><div class=\"jet-listing-dynamic-field__inline-wrap\"><div class=\"jet-listing-dynamic-field__content\">Svendborg<\/div><\/div><\/div>\t\t\t\t<\/div>\n\t\t\t\t<\/div>\n\t\t\t\t<\/div>\n\t\t\t\t<div class=\"elementor-element elementor-element-461ea31 lessb elementor-widget elementor-widget-jet-listing-dynamic-field\" data-id=\"461ea31\" data-element_type=\"widget\" data-widget_type=\"jet-listing-dynamic-field.default\">\n\t\t\t\t<div class=\"elementor-widget-container\">\n\t\t\t\t\t<div class=\"jet-listing jet-listing-dynamic-field display-inline\"><div class=\"jet-listing-dynamic-field__inline-wrap\"><div class=\"jet-listing-dynamic-field__content\">Denmark<\/div><\/div><\/div>\t\t\t\t<\/div>\n\t\t\t\t<\/div>\n\t\t\t\t<div class=\"elementor-element elementor-element-b27143c elementor-widget elementor-widget-jet-listing-dynamic-link\" data-id=\"b27143c\" data-element_type=\"widget\" data-widget_type=\"jet-listing-dynamic-link.default\">\n\t\t\t\t<div class=\"elementor-widget-container\">\n\t\t\t\t\t<div class=\"jet-listing jet-listing-dynamic-link\"><a href=\"tel:+45 43439889\" class=\"jet-listing-dynamic-link__link\"><span class=\"jet-listing-dynamic-link__label\">Tel: +45 43439889<\/span><\/a><\/div>\t\t\t\t<\/div>\n\t\t\t\t<\/div>\n\t\t\t\t<div class=\"elementor-element elementor-element-9cfb8e0 elementor-widget elementor-widget-jet-listing-dynamic-link\" data-id=\"9cfb8e0\" data-element_type=\"widget\" data-widget_type=\"jet-listing-dynamic-link.default\">\n\t\t\t\t<div class=\"elementor-widget-container\">\n\t\t\t\t\t<div class=\"jet-listing jet-listing-dynamic-link\"><a href=\"mailto:kontakt@abmarine.dk\" class=\"jet-listing-dynamic-link__link\"><span class=\"jet-listing-dynamic-link__label\">kontakt@abmarine.dk<\/span><\/a><\/div>\t\t\t\t<\/div>\n\t\t\t\t<\/div>\n\t\t\t\t<div class=\"elementor-element elementor-element-750b431 elementor-widget elementor-widget-jet-listing-dynamic-link\" data-id=\"750b431\" data-element_type=\"widget\" data-widget_type=\"jet-listing-dynamic-link.default\">\n\t\t\t\t<div class=\"elementor-widget-container\">\n\t\t\t\t\t<div class=\"jet-listing jet-listing-dynamic-link\"><a href=\"https:\/\/yachtbroker.dk\/\" class=\"jet-listing-dynamic-link__link\" target=\"_blank\"><span class=\"jet-listing-dynamic-link__label\">Visit website<\/span><\/a><\/div>\t\t\t\t<\/div>\n\t\t\t\t<\/div>\n\t\t\t\t<div class=\"elementor-element elementor-element-afd85dc elementor-widget elementor-widget-jet-listing-dynamic-terms\" data-id=\"afd85dc\" data-element_type=\"widget\" data-widget_type=\"jet-listing-dynamic-terms.default\">\n\t\t\t\t<div class=\"elementor-widget-container\">\n\t\t\t\t\t<div class=\"jet-listing jet-listing-dynamic-terms\"><span class=\"jet-listing-dynamic-terms__link\">Temo<\/span><span class=\"jet-listing-dynamic-terms__link\">AB Rib<\/span><span class=\"jet-listing-dynamic-terms__link\">AB Jet<\/span><span class=\"jet-listing-dynamic-terms__link\">Electric Rib<\/span><span class=\"jet-listing-dynamic-terms__link\">Professional Rib<\/span><\/div>\t\t\t\t<\/div>\n\t\t\t\t<\/div>\n\t\t\t\t<\/div>\n\t\t\t\t<\/div>\n\t\t<\/div><\/div><\/div>\t\t\t\t<\/div>\n\t\t\t\t<\/div>\n\t\t\t\t<\/div>\n\t\t<div class=\"elementor-element elementor-element-7f07bb3 e-con-full elementor-hidden-mobile e-flex e-con e-child\" data-id=\"7f07bb3\" data-element_type=\"container\">\n\t\t\t\t<div class=\"elementor-element elementor-element-949f527 elementor-widget elementor-widget-jet-engine-maps-listing\" data-id=\"949f527\" data-element_type=\"widget\" data-settings=\"{&quot;sticky&quot;:&quot;top&quot;,&quot;sticky_on&quot;:[&quot;desktop&quot;,&quot;tablet&quot;],&quot;sticky_offset&quot;:0,&quot;sticky_offset_tablet&quot;:0,&quot;sticky_effects_offset&quot;:178,&quot;sticky_effects_offset_tablet&quot;:150,&quot;sticky_anchor_link_offset&quot;:0,&quot;sticky_parent&quot;:&quot;yes&quot;}\" data-widget_type=\"jet-engine-maps-listing.default\">\n\t\t\t\t<div class=\"elementor-widget-container\">\n\t\t\t\t\t<div class=\"jet-map-listing jet-listing-grid--2508 popup-has-pin google-provider\" data-init=\"{&quot;zoomControl&quot;:true,&quot;fullscreenControl&quot;:false,&quot;streetViewControl&quot;:false,&quot;mapTypeControl&quot;:false}\" data-markers=\"[{&quot;id&quot;:5788,&quot;latLang&quot;:{&quot;lat&quot;:&quot;55.0854683&quot;,&quot;lng&quot;:&quot;10.6325712&quot;},&quot;label&quot;:false,&quot;custom_marker&quot;:false,&quot;geo_query_distance&quot;:-1}]\" data-general=\"{&quot;api&quot;:&quot;https:\\\/\\\/abmarine.dk\\\/en\\\/wp-json\\\/jet-engine\\\/v2\\\/get-map-marker-info\\\/&quot;,&quot;restNonce&quot;:&quot;087331d4e9&quot;,&quot;listingID&quot;:2508,&quot;source&quot;:&quot;posts&quot;,&quot;width&quot;:320,&quot;offset&quot;:50,&quot;clustererImg&quot;:&quot;https:\\\/\\\/abmarine.dk\\\/wp-content\\\/plugins\\\/jet-engine\\\/includes\\\/modules\\\/maps-listings\\\/assets\\\/lib\\\/markerclustererplus\\\/img\\\/m&quot;,&quot;marker&quot;:{&quot;type&quot;:&quot;icon&quot;,&quot;html&quot;:&quot;&lt;i class=\\&quot;jet-map-marker jet-map-marker-default apply-fill fas fa-map-marker-alt\\&quot; aria-hidden=\\&quot;true\\&quot;&gt;&lt;\\\/i&gt;&quot;},&quot;autoCenter&quot;:false,&quot;maxZoom&quot;:20,&quot;minZoom&quot;:2,&quot;customCenter&quot;:{&quot;lat&quot;:55.6760968,&quot;lng&quot;:12.5683371},&quot;customZoom&quot;:5,&quot;popupPreloader&quot;:false,&quot;querySeparator&quot;:&quot;?&quot;,&quot;markerClustering&quot;:true,&quot;clusterMaxZoom&quot;:&quot;&quot;,&quot;clusterRadius&quot;:25,&quot;popupOpenOn&quot;:&quot;click&quot;,&quot;centeringOnOpen&quot;:true,&quot;zoomOnOpen&quot;:8,&quot;advanced&quot;:{&quot;zoom_control&quot;:&quot;auto&quot;},&quot;styles&quot;:[{&quot;featureType&quot;:&quot;all&quot;,&quot;elementType&quot;:&quot;labels.text&quot;,&quot;stylers&quot;:[{&quot;color&quot;:&quot;#878787&quot;}]},{&quot;featureType&quot;:&quot;all&quot;,&quot;elementType&quot;:&quot;labels.text.stroke&quot;,&quot;stylers&quot;:[{&quot;visibility&quot;:&quot;off&quot;}]},{&quot;featureType&quot;:&quot;landscape&quot;,&quot;elementType&quot;:&quot;all&quot;,&quot;stylers&quot;:[{&quot;color&quot;:&quot;#f9f5ed&quot;}]},{&quot;featureType&quot;:&quot;poi&quot;,&quot;elementType&quot;:&quot;all&quot;,&quot;stylers&quot;:[{&quot;visibility&quot;:&quot;off&quot;}]},{&quot;featureType&quot;:&quot;road.highway&quot;,&quot;elementType&quot;:&quot;all&quot;,&quot;stylers&quot;:[{&quot;color&quot;:&quot;#f5f5f5&quot;}]},{&quot;featureType&quot;:&quot;road.highway&quot;,&quot;elementType&quot;:&quot;geometry.stroke&quot;,&quot;stylers&quot;:[{&quot;color&quot;:&quot;#c9c9c9&quot;}]},{&quot;featureType&quot;:&quot;water&quot;,&quot;elementType&quot;:&quot;all&quot;,&quot;stylers&quot;:[{&quot;color&quot;:&quot;#E6E7F2&quot;}]}]}\" data-listing-source=\"posts\" data-queried-id=\"1881|WP_Post\"><\/div>\t\t\t\t<\/div>\n\t\t\t\t<\/div>\n\t\t\t\t<\/div>\n\t\t\t\t\t<\/div>\n\t\t\t\t<\/div>\n\t\t\t\t<\/div>","protected":false},"excerpt":{"rendered":"<p>Kontakt os AB Marine Islandsvej 5 5700 Svendborg Danmark Bes\u00f8g hjemmeside TemoAB RibAB JetElectric RibProfessional Rib<\/p>","protected":false},"author":2,"featured_media":1062,"parent":0,"menu_order":0,"comment_status":"closed","ping_status":"closed","template":"","meta":{"footnotes":""},"class_list":["post-1881","page","type-page","status-publish","has-post-thumbnail","hentry"],"yoast_head":"<!-- This site is optimized with the Yoast SEO plugin v26.1.1 - https:\/\/yoast.com\/wordpress\/plugins\/seo\/ -->\n<title>Find forhandler | AB Marine | Se alle forhandlere i Norden her<\/title>\n<meta name=\"description\" content=\"Find din professionelle forhandler af RIB b\u00e5de n\u00e6r dig. Vi st\u00e5r klar til at hj\u00e6lpe med at finde den rigtige RIB b\u00e5d, motor og tilbeh\u00f8r.\" \/>\n<meta name=\"robots\" content=\"index, follow, max-snippet:-1, max-image-preview:large, max-video-preview:-1\" \/>\n<link rel=\"canonical\" href=\"https:\/\/abmarine.dk\/en\/find-forhandler\/\" \/>\n<meta property=\"og:locale\" content=\"en_GB\" \/>\n<meta property=\"og:type\" content=\"article\" \/>\n<meta property=\"og:title\" content=\"Find forhandler | AB Marine | Se alle forhandlere i Norden her\" \/>\n<meta property=\"og:description\" content=\"Find din professionelle forhandler af RIB b\u00e5de n\u00e6r dig. Vi st\u00e5r klar til at hj\u00e6lpe med at finde den rigtige RIB b\u00e5d, motor og tilbeh\u00f8r.\" \/>\n<meta property=\"og:url\" content=\"https:\/\/abmarine.dk\/en\/find-forhandler\/\" \/>\n<meta property=\"og:site_name\" content=\"AB Marine\" \/>\n<meta property=\"article:publisher\" content=\"https:\/\/www.facebook.com\/ABscandinavia\" \/>\n<meta property=\"article:modified_time\" content=\"2025-09-17T09:28:45+00:00\" \/>\n<meta property=\"og:image\" content=\"https:\/\/abmarine.dk\/wp-content\/uploads\/2024\/05\/baad-content.png\" \/>\n\t<meta property=\"og:image:width\" content=\"756\" \/>\n\t<meta property=\"og:image:height\" content=\"750\" \/>\n\t<meta property=\"og:image:type\" content=\"image\/png\" \/>\n<meta name=\"twitter:card\" content=\"summary_large_image\" \/>\n<meta name=\"twitter:label1\" content=\"Estimated reading time\" \/>\n\t<meta name=\"twitter:data1\" content=\"14 minutes\" \/>\n<script type=\"application\/ld+json\" class=\"yoast-schema-graph\">{\"@context\":\"https:\/\/schema.org\",\"@graph\":[{\"@type\":\"WebPage\",\"@id\":\"https:\/\/abmarine.dk\/find-forhandler\/\",\"url\":\"https:\/\/abmarine.dk\/find-forhandler\/\",\"name\":\"Find forhandler | AB Marine | Se alle forhandlere i Norden her\",\"isPartOf\":{\"@id\":\"https:\/\/abmarine.dk\/#website\"},\"primaryImageOfPage\":{\"@id\":\"https:\/\/abmarine.dk\/find-forhandler\/#primaryimage\"},\"image\":{\"@id\":\"https:\/\/abmarine.dk\/find-forhandler\/#primaryimage\"},\"thumbnailUrl\":\"https:\/\/abmarine.dk\/wp-content\/uploads\/2024\/05\/baad-content.png\",\"datePublished\":\"2024-05-17T12:03:50+00:00\",\"dateModified\":\"2025-09-17T09:28:45+00:00\",\"description\":\"Find din professionelle forhandler af RIB b\u00e5de n\u00e6r dig. Vi st\u00e5r klar til at hj\u00e6lpe med at finde den rigtige RIB b\u00e5d, motor og tilbeh\u00f8r.\",\"inLanguage\":\"en-GB\",\"potentialAction\":[{\"@type\":\"ReadAction\",\"target\":[\"https:\/\/abmarine.dk\/find-forhandler\/\"]}]},{\"@type\":\"ImageObject\",\"inLanguage\":\"en-GB\",\"@id\":\"https:\/\/abmarine.dk\/find-forhandler\/#primaryimage\",\"url\":\"https:\/\/abmarine.dk\/wp-content\/uploads\/2024\/05\/baad-content.png\",\"contentUrl\":\"https:\/\/abmarine.dk\/wp-content\/uploads\/2024\/05\/baad-content.png\",\"width\":756,\"height\":750},{\"@type\":\"WebSite\",\"@id\":\"https:\/\/abmarine.dk\/#website\",\"url\":\"https:\/\/abmarine.dk\/\",\"name\":\"AB Marine\",\"description\":\"\",\"publisher\":{\"@id\":\"https:\/\/abmarine.dk\/#organization\"},\"potentialAction\":[{\"@type\":\"SearchAction\",\"target\":{\"@type\":\"EntryPoint\",\"urlTemplate\":\"https:\/\/abmarine.dk\/?s={search_term_string}\"},\"query-input\":{\"@type\":\"PropertyValueSpecification\",\"valueRequired\":true,\"valueName\":\"search_term_string\"}}],\"inLanguage\":\"en-GB\"},{\"@type\":\"Organization\",\"@id\":\"https:\/\/abmarine.dk\/#organization\",\"name\":\"AB Marine\",\"url\":\"https:\/\/abmarine.dk\/\",\"logo\":{\"@type\":\"ImageObject\",\"inLanguage\":\"en-GB\",\"@id\":\"https:\/\/abmarine.dk\/#\/schema\/logo\/image\/\",\"url\":\"https:\/\/abmarine.dk\/wp-content\/uploads\/2024\/11\/cropped-Ikke-angivet-1_Tegnebraet-1.png\",\"contentUrl\":\"https:\/\/abmarine.dk\/wp-content\/uploads\/2024\/11\/cropped-Ikke-angivet-1_Tegnebraet-1.png\",\"width\":512,\"height\":512,\"caption\":\"AB Marine\"},\"image\":{\"@id\":\"https:\/\/abmarine.dk\/#\/schema\/logo\/image\/\"},\"sameAs\":[\"https:\/\/www.facebook.com\/ABscandinavia\",\"https:\/\/www.instagram.com\/abinflatables_danmark\/\"]}]}<\/script>\n<!-- \/ Yoast SEO plugin. -->","yoast_head_json":{"title":"Find forhandler | AB Marine | Se alle forhandlere i Norden her","description":"Find din professionelle forhandler af RIB b\u00e5de n\u00e6r dig. Vi st\u00e5r klar til at hj\u00e6lpe med at finde den rigtige RIB b\u00e5d, motor og tilbeh\u00f8r.","robots":{"index":"index","follow":"follow","max-snippet":"max-snippet:-1","max-image-preview":"max-image-preview:large","max-video-preview":"max-video-preview:-1"},"canonical":"https:\/\/abmarine.dk\/en\/find-forhandler\/","og_locale":"en_GB","og_type":"article","og_title":"Find forhandler | AB Marine | Se alle forhandlere i Norden her","og_description":"Find din professionelle forhandler af RIB b\u00e5de n\u00e6r dig. Vi st\u00e5r klar til at hj\u00e6lpe med at finde den rigtige RIB b\u00e5d, motor og tilbeh\u00f8r.","og_url":"https:\/\/abmarine.dk\/en\/find-forhandler\/","og_site_name":"AB Marine","article_publisher":"https:\/\/www.facebook.com\/ABscandinavia","article_modified_time":"2025-09-17T09:28:45+00:00","og_image":[{"width":756,"height":750,"url":"https:\/\/abmarine.dk\/wp-content\/uploads\/2024\/05\/baad-content.png","type":"image\/png"}],"twitter_card":"summary_large_image","twitter_misc":{"Estimated reading time":"14 minutes"},"schema":{"@context":"https:\/\/schema.org","@graph":[{"@type":"WebPage","@id":"https:\/\/abmarine.dk\/find-forhandler\/","url":"https:\/\/abmarine.dk\/find-forhandler\/","name":"Find forhandler | AB Marine | Se alle forhandlere i Norden her","isPartOf":{"@id":"https:\/\/abmarine.dk\/#website"},"primaryImageOfPage":{"@id":"https:\/\/abmarine.dk\/find-forhandler\/#primaryimage"},"image":{"@id":"https:\/\/abmarine.dk\/find-forhandler\/#primaryimage"},"thumbnailUrl":"https:\/\/abmarine.dk\/wp-content\/uploads\/2024\/05\/baad-content.png","datePublished":"2024-05-17T12:03:50+00:00","dateModified":"2025-09-17T09:28:45+00:00","description":"Find din professionelle forhandler af RIB b\u00e5de n\u00e6r dig. Vi st\u00e5r klar til at hj\u00e6lpe med at finde den rigtige RIB b\u00e5d, motor og tilbeh\u00f8r.","inLanguage":"en-GB","potentialAction":[{"@type":"ReadAction","target":["https:\/\/abmarine.dk\/find-forhandler\/"]}]},{"@type":"ImageObject","inLanguage":"en-GB","@id":"https:\/\/abmarine.dk\/find-forhandler\/#primaryimage","url":"https:\/\/abmarine.dk\/wp-content\/uploads\/2024\/05\/baad-content.png","contentUrl":"https:\/\/abmarine.dk\/wp-content\/uploads\/2024\/05\/baad-content.png","width":756,"height":750},{"@type":"WebSite","@id":"https:\/\/abmarine.dk\/#website","url":"https:\/\/abmarine.dk\/","name":"AB Marine","description":"","publisher":{"@id":"https:\/\/abmarine.dk\/#organization"},"potentialAction":[{"@type":"SearchAction","target":{"@type":"EntryPoint","urlTemplate":"https:\/\/abmarine.dk\/?s={search_term_string}"},"query-input":{"@type":"PropertyValueSpecification","valueRequired":true,"valueName":"search_term_string"}}],"inLanguage":"en-GB"},{"@type":"Organization","@id":"https:\/\/abmarine.dk\/#organization","name":"AB Marine","url":"https:\/\/abmarine.dk\/","logo":{"@type":"ImageObject","inLanguage":"en-GB","@id":"https:\/\/abmarine.dk\/#\/schema\/logo\/image\/","url":"https:\/\/abmarine.dk\/wp-content\/uploads\/2024\/11\/cropped-Ikke-angivet-1_Tegnebraet-1.png","contentUrl":"https:\/\/abmarine.dk\/wp-content\/uploads\/2024\/11\/cropped-Ikke-angivet-1_Tegnebraet-1.png","width":512,"height":512,"caption":"AB Marine"},"image":{"@id":"https:\/\/abmarine.dk\/#\/schema\/logo\/image\/"},"sameAs":["https:\/\/www.facebook.com\/ABscandinavia","https:\/\/www.instagram.com\/abinflatables_danmark\/"]}]}},"_links":{"self":[{"href":"https:\/\/abmarine.dk\/en\/wp-json\/wp\/v2\/pages\/1881","targetHints":{"allow":["GET"]}}],"collection":[{"href":"https:\/\/abmarine.dk\/en\/wp-json\/wp\/v2\/pages"}],"about":[{"href":"https:\/\/abmarine.dk\/en\/wp-json\/wp\/v2\/types\/page"}],"author":[{"embeddable":true,"href":"https:\/\/abmarine.dk\/en\/wp-json\/wp\/v2\/users\/2"}],"replies":[{"embeddable":true,"href":"https:\/\/abmarine.dk\/en\/wp-json\/wp\/v2\/comments?post=1881"}],"version-history":[{"count":361,"href":"https:\/\/abmarine.dk\/en\/wp-json\/wp\/v2\/pages\/1881\/revisions"}],"predecessor-version":[{"id":6535,"href":"https:\/\/abmarine.dk\/en\/wp-json\/wp\/v2\/pages\/1881\/revisions\/6535"}],"wp:featuredmedia":[{"embeddable":true,"href":"https:\/\/abmarine.dk\/en\/wp-json\/wp\/v2\/media\/1062"}],"wp:attachment":[{"href":"https:\/\/abmarine.dk\/en\/wp-json\/wp\/v2\/media?parent=1881"}],"curies":[{"name":"wp","href":"https:\/\/api.w.org\/{rel}","templated":true}]}}