{"id":1969,"date":"2024-05-23T08:48:46","date_gmt":"2024-05-23T06:48:46","guid":{"rendered":"https:\/\/abmarine.dk.prolinux101.curanetserver.dk\/?page_id=1969"},"modified":"2025-05-15T13:16:32","modified_gmt":"2025-05-15T11:16:32","slug":"sammenlign","status":"publish","type":"page","link":"https:\/\/abmarine.dk\/en\/sammenlign\/","title":{"rendered":"Compare"},"content":{"rendered":"<div data-elementor-type=\"wp-page\" data-elementor-id=\"1969\" class=\"elementor elementor-1969\" data-elementor-post-type=\"page\">\n\t\t\t\t<div class=\"elementor-element elementor-element-3c7d7eb e-flex e-con-boxed e-con e-parent\" data-id=\"3c7d7eb\" data-element_type=\"container\">\n\t\t\t\t\t<div class=\"e-con-inner\">\n\t\t\t\t<div class=\"elementor-element elementor-element-ddd7da1 elementor-widget elementor-widget-heading\" data-id=\"ddd7da1\" data-element_type=\"widget\" data-widget_type=\"heading.default\">\n\t\t\t\t<div class=\"elementor-widget-container\">\n\t\t\t\t\t<h1 class=\"elementor-heading-title elementor-size-default\">Compare<\/h1>\t\t\t\t<\/div>\n\t\t\t\t<\/div>\n\t\t\t\t<div class=\"elementor-element elementor-element-a67f726 elementor-widget elementor-widget-text-editor\" data-id=\"a67f726\" data-element_type=\"widget\" data-widget_type=\"text-editor.default\">\n\t\t\t\t<div class=\"elementor-widget-container\">\n\t\t\t\t\t\t\t\t\t<h3>Choose up to 3 models to compare<\/h3><pre><a href=\"https:\/\/abmarine.dk\/en\/baad-kategorier\/ab-rib\/\">See all Models &gt;<\/a><\/pre>\t\t\t\t\t\t\t\t<\/div>\n\t\t\t\t<\/div>\n\t\t\t\t\t<\/div>\n\t\t\t\t<\/div>\n\t\t<div class=\"elementor-element elementor-element-78ec8f2 e-flex e-con-boxed e-con e-parent\" data-id=\"78ec8f2\" data-element_type=\"container\">\n\t\t\t\t\t<div class=\"e-con-inner\">\n\t\t\t\t<div class=\"elementor-element elementor-element-eafba6a elementor-widget elementor-widget-jet-listing-grid\" data-id=\"eafba6a\" data-element_type=\"widget\" id=\"sammenlign\" data-settings=\"{&quot;columns&quot;:&quot;3&quot;}\" data-widget_type=\"jet-listing-grid.default\">\n\t\t\t\t<div class=\"elementor-widget-container\">\n\t\t\t\t\t<div class=\"jet-listing-grid jet-listing\"><div class=\"jet-listing-not-found jet-listing-grid__items\" data-nav=\"{&quot;enabled&quot;:false,&quot;type&quot;:null,&quot;more_el&quot;:null,&quot;query&quot;:[],&quot;widget_settings&quot;:{&quot;lisitng_id&quot;:1981,&quot;posts_num&quot;:6,&quot;columns&quot;:3,&quot;columns_tablet&quot;:3,&quot;columns_mobile&quot;:3,&quot;column_min_width&quot;:240,&quot;column_min_width_tablet&quot;:240,&quot;column_min_width_mobile&quot;:240,&quot;inline_columns_css&quot;:false,&quot;is_archive_template&quot;:&quot;&quot;,&quot;post_status&quot;:[&quot;publish&quot;],&quot;use_random_posts_num&quot;:&quot;&quot;,&quot;max_posts_num&quot;:9,&quot;not_found_message&quot;:&quot;Intet valgt at sammenligne&quot;,&quot;is_masonry&quot;:false,&quot;equal_columns_height&quot;:&quot;&quot;,&quot;use_load_more&quot;:&quot;&quot;,&quot;load_more_id&quot;:&quot;&quot;,&quot;load_more_type&quot;:&quot;click&quot;,&quot;load_more_offset&quot;:{&quot;unit&quot;:&quot;px&quot;,&quot;size&quot;:0,&quot;sizes&quot;:[]},&quot;use_custom_post_types&quot;:&quot;yes&quot;,&quot;custom_post_types&quot;:[&quot;tilbehoer&quot;,&quot;motor&quot;,&quot;baade&quot;],&quot;hide_widget_if&quot;:&quot;&quot;,&quot;carousel_enabled&quot;:&quot;&quot;,&quot;slides_to_scroll&quot;:&quot;1&quot;,&quot;arrows&quot;:&quot;true&quot;,&quot;arrow_icon&quot;:&quot;fa fa-angle-left&quot;,&quot;dots&quot;:&quot;&quot;,&quot;autoplay&quot;:&quot;true&quot;,&quot;pause_on_hover&quot;:&quot;true&quot;,&quot;autoplay_speed&quot;:5000,&quot;infinite&quot;:&quot;true&quot;,&quot;center_mode&quot;:&quot;&quot;,&quot;effect&quot;:&quot;slide&quot;,&quot;speed&quot;:500,&quot;inject_alternative_items&quot;:&quot;yes&quot;,&quot;injection_items&quot;:[{&quot;_id&quot;:&quot;5d05a77&quot;,&quot;item&quot;:&quot;2962&quot;,&quot;item_condition_type&quot;:&quot;post_type&quot;,&quot;post_type&quot;:&quot;motor&quot;},{&quot;_id&quot;:&quot;f4b96a6&quot;,&quot;item&quot;:&quot;4976&quot;,&quot;item_condition_type&quot;:&quot;post_type&quot;,&quot;post_type&quot;:&quot;tilbehoer&quot;}],&quot;scroll_slider_enabled&quot;:&quot;&quot;,&quot;scroll_slider_on&quot;:[&quot;desktop&quot;,&quot;tablet&quot;,&quot;mobile&quot;],&quot;custom_query&quot;:false,&quot;custom_query_id&quot;:&quot;&quot;,&quot;_element_id&quot;:&quot;sammenlign&quot;,&quot;collapse_first_last_gap&quot;:false,&quot;list_tag_selection&quot;:&quot;&quot;,&quot;list_items_wrapper_tag&quot;:&quot;div&quot;,&quot;list_item_tag&quot;:&quot;div&quot;,&quot;empty_items_wrapper_tag&quot;:&quot;div&quot;}}\" data-listing-source=\"posts\" data-listing-id=\"1981\" data-query-id=\"\" data-queried-id=\"1969|WP_Post\">Nothing selected to compare<\/div><\/div>\t\t\t\t<\/div>\n\t\t\t\t<\/div>\n\t\t\t\t\t<\/div>\n\t\t\t\t<\/div>\n\t\t\t\t<\/div>","protected":false},"excerpt":{"rendered":"<p>Compare Select up to 3 models to compare See all Models &gt; compare Temo Specifications Model1000 Equipment compare Mercury Specifications Model30 MH Equipment compare Temo Specifications Model450 Equipment compare Temo Specifications Model450 Carbon Equipment compare Ab Jet Specifications Model450 Diesel ColorLight grey Length4.47 m Persons7 Max HP110 Weight835 kg Tube diameter42 cm Overall width2.03 m [\u2026]<\/p>","protected":false},"author":2,"featured_media":0,"parent":0,"menu_order":0,"comment_status":"closed","ping_status":"closed","template":"","meta":{"footnotes":""},"class_list":["post-1969","page","type-page","status-publish","hentry"],"yoast_head":"<!-- This site is optimized with the Yoast SEO plugin v26.1.1 - https:\/\/yoast.com\/wordpress\/plugins\/seo\/ -->\n<title>Sammenlign AB Inflatables Ribb\u00e5d-modeller<\/title>\n<meta name=\"description\" content=\"Sammenlign funktioner og tekniske specifikationer p\u00e5 vores ribb\u00e5d s\u00e5 som Lammina, Navigo, Oceanus og mange flere...\" \/>\n<meta name=\"robots\" content=\"index, follow, max-snippet:-1, max-image-preview:large, max-video-preview:-1\" \/>\n<link rel=\"canonical\" href=\"https:\/\/abmarine.dk\/en\/sammenlign\/\" \/>\n<meta property=\"og:locale\" content=\"en_GB\" \/>\n<meta property=\"og:type\" content=\"article\" \/>\n<meta property=\"og:title\" content=\"Sammenlign AB Inflatables Ribb\u00e5d-modeller\" \/>\n<meta property=\"og:description\" content=\"Sammenlign funktioner og tekniske specifikationer p\u00e5 vores ribb\u00e5d s\u00e5 som Lammina, Navigo, Oceanus og mange flere...\" \/>\n<meta property=\"og:url\" content=\"https:\/\/abmarine.dk\/en\/sammenlign\/\" \/>\n<meta property=\"og:site_name\" content=\"AB Marine\" \/>\n<meta property=\"article:publisher\" content=\"https:\/\/www.facebook.com\/ABscandinavia\" \/>\n<meta property=\"article:modified_time\" content=\"2025-05-15T11:16:32+00:00\" \/>\n<meta property=\"og:image\" content=\"https:\/\/abmarine.dk\/wp-content\/uploads\/2024\/08\/mercury-f-30-elpt-efi-heavy-duty-0-985x600-1.png\" \/>\n<meta name=\"twitter:card\" content=\"summary_large_image\" \/>\n<meta name=\"twitter:label1\" content=\"Estimated reading time\" \/>\n\t<meta name=\"twitter:data1\" content=\"1 minute\" \/>\n<script type=\"application\/ld+json\" class=\"yoast-schema-graph\">{\"@context\":\"https:\/\/schema.org\",\"@graph\":[{\"@type\":\"WebPage\",\"@id\":\"https:\/\/abmarine.dk\/sammenlign\/\",\"url\":\"https:\/\/abmarine.dk\/sammenlign\/\",\"name\":\"Sammenlign AB Inflatables Ribb\u00e5d-modeller\",\"isPartOf\":{\"@id\":\"https:\/\/abmarine.dk\/#website\"},\"primaryImageOfPage\":{\"@id\":\"https:\/\/abmarine.dk\/sammenlign\/#primaryimage\"},\"image\":{\"@id\":\"https:\/\/abmarine.dk\/sammenlign\/#primaryimage\"},\"thumbnailUrl\":\"https:\/\/abmarine.dk\/wp-content\/uploads\/2024\/08\/mercury-f-30-elpt-efi-heavy-duty-0-985x600-1.png\",\"datePublished\":\"2024-05-23T06:48:46+00:00\",\"dateModified\":\"2025-05-15T11:16:32+00:00\",\"description\":\"Sammenlign funktioner og tekniske specifikationer p\u00e5 vores ribb\u00e5d s\u00e5 som Lammina, Navigo, Oceanus og mange flere...\",\"inLanguage\":\"en-GB\",\"potentialAction\":[{\"@type\":\"ReadAction\",\"target\":[\"https:\/\/abmarine.dk\/sammenlign\/\"]}]},{\"@type\":\"ImageObject\",\"inLanguage\":\"en-GB\",\"@id\":\"https:\/\/abmarine.dk\/sammenlign\/#primaryimage\",\"url\":\"https:\/\/abmarine.dk\/wp-content\/uploads\/2024\/08\/mercury-f-30-elpt-efi-heavy-duty-0-985x600-1.png\",\"contentUrl\":\"https:\/\/abmarine.dk\/wp-content\/uploads\/2024\/08\/mercury-f-30-elpt-efi-heavy-duty-0-985x600-1.png\"},{\"@type\":\"WebSite\",\"@id\":\"https:\/\/abmarine.dk\/#website\",\"url\":\"https:\/\/abmarine.dk\/\",\"name\":\"AB Marine\",\"description\":\"\",\"publisher\":{\"@id\":\"https:\/\/abmarine.dk\/#organization\"},\"potentialAction\":[{\"@type\":\"SearchAction\",\"target\":{\"@type\":\"EntryPoint\",\"urlTemplate\":\"https:\/\/abmarine.dk\/?s={search_term_string}\"},\"query-input\":{\"@type\":\"PropertyValueSpecification\",\"valueRequired\":true,\"valueName\":\"search_term_string\"}}],\"inLanguage\":\"en-GB\"},{\"@type\":\"Organization\",\"@id\":\"https:\/\/abmarine.dk\/#organization\",\"name\":\"AB Marine\",\"url\":\"https:\/\/abmarine.dk\/\",\"logo\":{\"@type\":\"ImageObject\",\"inLanguage\":\"en-GB\",\"@id\":\"https:\/\/abmarine.dk\/#\/schema\/logo\/image\/\",\"url\":\"https:\/\/abmarine.dk\/wp-content\/uploads\/2024\/11\/cropped-Ikke-angivet-1_Tegnebraet-1.png\",\"contentUrl\":\"https:\/\/abmarine.dk\/wp-content\/uploads\/2024\/11\/cropped-Ikke-angivet-1_Tegnebraet-1.png\",\"width\":512,\"height\":512,\"caption\":\"AB Marine\"},\"image\":{\"@id\":\"https:\/\/abmarine.dk\/#\/schema\/logo\/image\/\"},\"sameAs\":[\"https:\/\/www.facebook.com\/ABscandinavia\",\"https:\/\/www.instagram.com\/abinflatables_danmark\/\"]}]}<\/script>\n<!-- \/ Yoast SEO plugin. -->","yoast_head_json":{"title":"Sammenlign AB Inflatables Ribb\u00e5d-modeller","description":"Sammenlign funktioner og tekniske specifikationer p\u00e5 vores ribb\u00e5d s\u00e5 som Lammina, Navigo, Oceanus og mange flere...","robots":{"index":"index","follow":"follow","max-snippet":"max-snippet:-1","max-image-preview":"max-image-preview:large","max-video-preview":"max-video-preview:-1"},"canonical":"https:\/\/abmarine.dk\/en\/sammenlign\/","og_locale":"en_GB","og_type":"article","og_title":"Sammenlign AB Inflatables Ribb\u00e5d-modeller","og_description":"Sammenlign funktioner og tekniske specifikationer p\u00e5 vores ribb\u00e5d s\u00e5 som Lammina, Navigo, Oceanus og mange flere...","og_url":"https:\/\/abmarine.dk\/en\/sammenlign\/","og_site_name":"AB Marine","article_publisher":"https:\/\/www.facebook.com\/ABscandinavia","article_modified_time":"2025-05-15T11:16:32+00:00","og_image":[{"url":"https:\/\/abmarine.dk\/wp-content\/uploads\/2024\/08\/mercury-f-30-elpt-efi-heavy-duty-0-985x600-1.png","type":"","width":"","height":""}],"twitter_card":"summary_large_image","twitter_misc":{"Estimated reading time":"1 minute"},"schema":{"@context":"https:\/\/schema.org","@graph":[{"@type":"WebPage","@id":"https:\/\/abmarine.dk\/sammenlign\/","url":"https:\/\/abmarine.dk\/sammenlign\/","name":"Sammenlign AB Inflatables Ribb\u00e5d-modeller","isPartOf":{"@id":"https:\/\/abmarine.dk\/#website"},"primaryImageOfPage":{"@id":"https:\/\/abmarine.dk\/sammenlign\/#primaryimage"},"image":{"@id":"https:\/\/abmarine.dk\/sammenlign\/#primaryimage"},"thumbnailUrl":"https:\/\/abmarine.dk\/wp-content\/uploads\/2024\/08\/mercury-f-30-elpt-efi-heavy-duty-0-985x600-1.png","datePublished":"2024-05-23T06:48:46+00:00","dateModified":"2025-05-15T11:16:32+00:00","description":"Sammenlign funktioner og tekniske specifikationer p\u00e5 vores ribb\u00e5d s\u00e5 som Lammina, Navigo, Oceanus og mange flere...","inLanguage":"en-GB","potentialAction":[{"@type":"ReadAction","target":["https:\/\/abmarine.dk\/sammenlign\/"]}]},{"@type":"ImageObject","inLanguage":"en-GB","@id":"https:\/\/abmarine.dk\/sammenlign\/#primaryimage","url":"https:\/\/abmarine.dk\/wp-content\/uploads\/2024\/08\/mercury-f-30-elpt-efi-heavy-duty-0-985x600-1.png","contentUrl":"https:\/\/abmarine.dk\/wp-content\/uploads\/2024\/08\/mercury-f-30-elpt-efi-heavy-duty-0-985x600-1.png"},{"@type":"WebSite","@id":"https:\/\/abmarine.dk\/#website","url":"https:\/\/abmarine.dk\/","name":"AB Marine","description":"","publisher":{"@id":"https:\/\/abmarine.dk\/#organization"},"potentialAction":[{"@type":"SearchAction","target":{"@type":"EntryPoint","urlTemplate":"https:\/\/abmarine.dk\/?s={search_term_string}"},"query-input":{"@type":"PropertyValueSpecification","valueRequired":true,"valueName":"search_term_string"}}],"inLanguage":"en-GB"},{"@type":"Organization","@id":"https:\/\/abmarine.dk\/#organization","name":"AB Marine","url":"https:\/\/abmarine.dk\/","logo":{"@type":"ImageObject","inLanguage":"en-GB","@id":"https:\/\/abmarine.dk\/#\/schema\/logo\/image\/","url":"https:\/\/abmarine.dk\/wp-content\/uploads\/2024\/11\/cropped-Ikke-angivet-1_Tegnebraet-1.png","contentUrl":"https:\/\/abmarine.dk\/wp-content\/uploads\/2024\/11\/cropped-Ikke-angivet-1_Tegnebraet-1.png","width":512,"height":512,"caption":"AB Marine"},"image":{"@id":"https:\/\/abmarine.dk\/#\/schema\/logo\/image\/"},"sameAs":["https:\/\/www.facebook.com\/ABscandinavia","https:\/\/www.instagram.com\/abinflatables_danmark\/"]}]}},"_links":{"self":[{"href":"https:\/\/abmarine.dk\/en\/wp-json\/wp\/v2\/pages\/1969","targetHints":{"allow":["GET"]}}],"collection":[{"href":"https:\/\/abmarine.dk\/en\/wp-json\/wp\/v2\/pages"}],"about":[{"href":"https:\/\/abmarine.dk\/en\/wp-json\/wp\/v2\/types\/page"}],"author":[{"embeddable":true,"href":"https:\/\/abmarine.dk\/en\/wp-json\/wp\/v2\/users\/2"}],"replies":[{"embeddable":true,"href":"https:\/\/abmarine.dk\/en\/wp-json\/wp\/v2\/comments?post=1969"}],"version-history":[{"count":107,"href":"https:\/\/abmarine.dk\/en\/wp-json\/wp\/v2\/pages\/1969\/revisions"}],"predecessor-version":[{"id":6106,"href":"https:\/\/abmarine.dk\/en\/wp-json\/wp\/v2\/pages\/1969\/revisions\/6106"}],"wp:attachment":[{"href":"https:\/\/abmarine.dk\/en\/wp-json\/wp\/v2\/media?parent=1969"}],"curies":[{"name":"wp","href":"https:\/\/api.w.org\/{rel}","templated":true}]}}