{"id":3865,"date":"2024-07-25T14:24:17","date_gmt":"2024-07-25T12:24:17","guid":{"rendered":"https:\/\/abmarine.dk.prolinux101.curanetserver.dk\/?page_id=3865"},"modified":"2025-03-17T11:02:59","modified_gmt":"2025-03-17T10:02:59","slug":"temo-france-elektrisk-baad-motor","status":"publish","type":"page","link":"https:\/\/abmarine.dk\/en\/temo-france-elektrisk-baad-motor\/","title":{"rendered":"Temo"},"content":{"rendered":"<div data-elementor-type=\"wp-page\" data-elementor-id=\"3865\" class=\"elementor elementor-3865\" data-elementor-post-type=\"page\">\n\t\t\t\t<div class=\"elementor-element elementor-element-94bb411 e-flex e-con-boxed e-con e-parent\" data-id=\"94bb411\" data-element_type=\"container\">\n\t\t\t\t\t<div class=\"e-con-inner\">\n\t\t\t\t<div class=\"elementor-element elementor-element-6be2d88 elementor-align-center elementor-widget elementor-widget-button\" data-id=\"6be2d88\" data-element_type=\"widget\" data-widget_type=\"button.default\">\n\t\t\t\t<div class=\"elementor-widget-container\">\n\t\t\t\t\t\t\t\t\t<div class=\"elementor-button-wrapper\">\n\t\t\t\t\t<a class=\"elementor-button elementor-button-link elementor-size-sm\" href=\"https:\/\/www.temofrance.dk\/\">\n\t\t\t\t\t\t<span class=\"elementor-button-content-wrapper\">\n\t\t\t\t\t\t\t\t\t<span class=\"elementor-button-text\">Read more about TEMO France<\/span>\n\t\t\t\t\t<\/span>\n\t\t\t\t\t<\/a>\n\t\t\t\t<\/div>\n\t\t\t\t\t\t\t\t<\/div>\n\t\t\t\t<\/div>\n\t\t\t\t\t<\/div>\n\t\t\t\t<\/div>\n\t\t<div class=\"elementor-element elementor-element-4e1a9c2 e-flex e-con-boxed e-con e-parent\" data-id=\"4e1a9c2\" data-element_type=\"container\" data-settings=\"{&quot;background_background&quot;:&quot;classic&quot;}\">\n\t\t\t\t\t<div class=\"e-con-inner\">\n\t\t<div class=\"elementor-element elementor-element-6f85774b e-con-full e-flex e-con e-child\" data-id=\"6f85774b\" data-element_type=\"container\">\n\t\t\t\t<div class=\"elementor-element elementor-element-62face9 elementor-widget elementor-widget-heading\" data-id=\"62face9\" data-element_type=\"widget\" data-widget_type=\"heading.default\">\n\t\t\t\t<div class=\"elementor-widget-container\">\n\t\t\t\t\t<h1 class=\"elementor-heading-title elementor-size-default\">TEMo France<\/h1>\t\t\t\t<\/div>\n\t\t\t\t<\/div>\n\t\t\t\t<\/div>\n\t\t<div class=\"elementor-element elementor-element-365b156c e-con-full e-flex e-con e-child\" data-id=\"365b156c\" data-element_type=\"container\">\n\t\t\t\t<div class=\"elementor-element elementor-element-1fb3b361 elementor-widget elementor-widget-text-editor\" data-id=\"1fb3b361\" data-element_type=\"widget\" data-widget_type=\"text-editor.default\">\n\t\t\t\t<div class=\"elementor-widget-container\">\n\t\t\t\t\t\t\t\t\t<p>Temo&#039;s team \u2013 made up of engineers, maritime consultants, researchers, communicators and creatives \u2013 is dedicated to inventing, reinventing and launching simple products and services that enhance the recreational boating experience. With innovative, patented and award-winning design solutions, Temo uses electrical technology to sustainably transform the way boats are used.<\/p>\t\t\t\t\t\t\t\t<\/div>\n\t\t\t\t<\/div>\n\t\t\t\t<\/div>\n\t\t\t\t\t<\/div>\n\t\t\t\t<\/div>\n\t\t<div class=\"elementor-element elementor-element-579160c1 e-flex e-con-boxed e-con e-parent\" data-id=\"579160c1\" data-element_type=\"container\">\n\t\t\t\t\t<div class=\"e-con-inner\">\n\t\t\t\t<div class=\"elementor-element elementor-element-311cce74 elementor-widget elementor-widget-image\" data-id=\"311cce74\" data-element_type=\"widget\" data-widget_type=\"image.default\">\n\t\t\t\t<div class=\"elementor-widget-container\">\n\t\t\t\t\t\t\t\t\t\t\t\t\t\t\t<img fetchpriority=\"high\" decoding=\"async\" width=\"800\" height=\"238\" src=\"https:\/\/abmarine.dk\/wp-content\/uploads\/2024\/07\/LogoTemoBaseline-EN-301-1024x304.jpg\" class=\"attachment-large size-large wp-image-3868\" alt=\"Temo Logo\" srcset=\"https:\/\/abmarine.dk\/wp-content\/uploads\/2024\/07\/LogoTemoBaseline-EN-301-1024x304.jpg 1024w, https:\/\/abmarine.dk\/wp-content\/uploads\/2024\/07\/LogoTemoBaseline-EN-301-300x89.jpg 300w, https:\/\/abmarine.dk\/wp-content\/uploads\/2024\/07\/LogoTemoBaseline-EN-301-768x228.jpg 768w, https:\/\/abmarine.dk\/wp-content\/uploads\/2024\/07\/LogoTemoBaseline-EN-301-1536x456.jpg 1536w, https:\/\/abmarine.dk\/wp-content\/uploads\/2024\/07\/LogoTemoBaseline-EN-301-2048x608.jpg 2048w, https:\/\/abmarine.dk\/wp-content\/uploads\/2024\/07\/LogoTemoBaseline-EN-301-18x5.jpg 18w\" sizes=\"(max-width: 800px) 100vw, 800px\" \/>\t\t\t\t\t\t\t\t\t\t\t\t\t\t\t<\/div>\n\t\t\t\t<\/div>\n\t\t\t\t\t<\/div>\n\t\t\t\t<\/div>\n\t\t<div class=\"elementor-element elementor-element-2a427b62 e-con-full e-flex e-con e-parent\" data-id=\"2a427b62\" data-element_type=\"container\">\n\t\t<div class=\"elementor-element elementor-element-2a238b23 e-con-full e-flex e-con e-child\" data-id=\"2a238b23\" data-element_type=\"container\">\n\t\t<div class=\"elementor-element elementor-element-5972606 e-flex e-con-boxed e-con e-child\" data-id=\"5972606\" data-element_type=\"container\">\n\t\t\t\t\t<div class=\"e-con-inner\">\n\t\t\t\t<div class=\"elementor-element elementor-element-1de427b2 elementor-widget__width-initial elementor-widget-mobile__width-inherit elementor-widget-tablet__width-inherit elementor-widget elementor-widget-heading\" data-id=\"1de427b2\" data-element_type=\"widget\" data-widget_type=\"heading.default\">\n\t\t\t\t<div class=\"elementor-widget-container\">\n\t\t\t\t\t<h2 class=\"elementor-heading-title elementor-size-default\">Electric Motor for boats<\/h2>\t\t\t\t<\/div>\n\t\t\t\t<\/div>\n\t\t\t\t<div class=\"elementor-element elementor-element-1cfab7f5 elementor-widget__width-initial elementor-widget-mobile__width-inherit elementor-widget-tablet__width-inherit elementor-widget elementor-widget-text-editor\" data-id=\"1cfab7f5\" data-element_type=\"widget\" data-widget_type=\"text-editor.default\">\n\t\t\t\t<div class=\"elementor-widget-container\">\n\t\t\t\t\t\t\t\t\t<p>TEMO produces a range of portable, easily installable electric motors for all types of small boats: dinghies, sailboats, rowing boats.<\/p><p>Made in France with a focus on quality, TEMO motors are reliable, durable and very easy to use. Our team is ready to advise you in choosing your engine.<\/p><h6><em>\u201cA passion for sailing. The desire to take initiative. The need to find a solution.\u201d<\/em><\/h6>\t\t\t\t\t\t\t\t<\/div>\n\t\t\t\t<\/div>\n\t\t\t\t\t<\/div>\n\t\t\t\t<\/div>\n\t\t<div class=\"elementor-element elementor-element-2faf82a8 e-flex e-con-boxed e-con e-child\" data-id=\"2faf82a8\" data-element_type=\"container\" data-settings=\"{&quot;background_background&quot;:&quot;classic&quot;}\">\n\t\t\t\t\t<div class=\"e-con-inner\">\n\t\t\t\t\t<\/div>\n\t\t\t\t<\/div>\n\t\t\t\t<\/div>\n\t\t\t\t<\/div>\n\t\t<div class=\"elementor-element elementor-element-7c4b3e34 e-con-full e-flex e-con e-parent\" data-id=\"7c4b3e34\" data-element_type=\"container\">\n\t\t<div class=\"elementor-element elementor-element-9a5c1ec e-con-full e-flex e-con e-child\" data-id=\"9a5c1ec\" data-element_type=\"container\">\n\t\t<div class=\"elementor-element elementor-element-53779d01 e-flex e-con-boxed e-con e-child\" data-id=\"53779d01\" data-element_type=\"container\" data-settings=\"{&quot;background_background&quot;:&quot;classic&quot;}\">\n\t\t\t\t\t<div class=\"e-con-inner\">\n\t\t\t\t\t<\/div>\n\t\t\t\t<\/div>\n\t\t<div class=\"elementor-element elementor-element-3d54f10d e-flex e-con-boxed e-con e-child\" data-id=\"3d54f10d\" data-element_type=\"container\" data-settings=\"{&quot;background_background&quot;:&quot;classic&quot;}\">\n\t\t\t\t\t<div class=\"e-con-inner\">\n\t\t\t\t<div class=\"elementor-element elementor-element-6a4a076b elementor-widget__width-initial elementor-widget-mobile__width-inherit elementor-widget-tablet__width-inherit elementor-widget elementor-widget-heading\" data-id=\"6a4a076b\" data-element_type=\"widget\" data-widget_type=\"heading.default\">\n\t\t\t\t<div class=\"elementor-widget-container\">\n\t\t\t\t\t<h2 class=\"elementor-heading-title elementor-size-default\">Passion &amp; Challenges<\/h2>\t\t\t\t<\/div>\n\t\t\t\t<\/div>\n\t\t\t\t<div class=\"elementor-element elementor-element-374490d4 elementor-widget__width-initial elementor-widget-mobile__width-inherit elementor-widget-tablet__width-inherit elementor-widget elementor-widget-text-editor\" data-id=\"374490d4\" data-element_type=\"widget\" data-widget_type=\"text-editor.default\">\n\t\t\t\t<div class=\"elementor-widget-container\">\n\t\t\t\t\t\t\t\t\t<div class=\"flex-shrink-0 flex flex-col relative items-end\"><div><div class=\"pt-0\"><div class=\"gizmo-bot-avatar flex h-8 w-8 items-center justify-center overflow-hidden rounded-full\"><div class=\"relative p-1 rounded-sm flex items-center justify-center bg-token-main-surface-primary text-token-text-primary h-8 w-8\">\u00a0<\/div><\/div><\/div><\/div><\/div><div class=\"group\/conversation-turn relative flex w-full min-w-0 flex-col agent-turn\"><div class=\"flex-col gap-1 md:gap-3\"><div class=\"flex max-w-full flex-col flex-grow\"><div class=\"min-h-[20px] text-message flex w-full flex-col items-end gap-2 whitespace-pre-wrap break-words [.text-message+&amp;]:mt-5 overflow-x-auto\" dir=\"auto\" data-message-author-role=\"assistant\" data-message-id=\"ee851758-bfd7-4914-8036-fb180e27df5b\"><div class=\"flex w-full flex-col gap-1 empty:hidden first:pt-[3px]\"><div class=\"markdown prose w-full break-words dark:prose-invert light\"><p>TEMO&#039;s maritime experience, technical skills and relentless commitment to their projects make them formidable challengers.<\/p><\/div><\/div><\/div><\/div><\/div><\/div>\t\t\t\t\t\t\t\t<\/div>\n\t\t\t\t<\/div>\n\t\t\t\t\t<\/div>\n\t\t\t\t<\/div>\n\t\t\t\t<\/div>\n\t\t\t\t<\/div>\n\t\t<div class=\"elementor-element elementor-element-6ca712 e-con-full e-flex e-con e-parent\" data-id=\"6ca712\" data-element_type=\"container\">\n\t\t<div class=\"elementor-element elementor-element-59cad4b2 e-con-full e-flex e-con e-child\" data-id=\"59cad4b2\" data-element_type=\"container\">\n\t\t<div class=\"elementor-element elementor-element-373fca99 e-flex e-con-boxed e-con e-child\" data-id=\"373fca99\" data-element_type=\"container\">\n\t\t\t\t\t<div class=\"e-con-inner\">\n\t\t\t\t<div class=\"elementor-element elementor-element-2a8b8fbb elementor-widget__width-initial elementor-widget-mobile__width-inherit elementor-widget-tablet__width-inherit elementor-widget elementor-widget-heading\" data-id=\"2a8b8fbb\" data-element_type=\"widget\" data-widget_type=\"heading.default\">\n\t\t\t\t<div class=\"elementor-widget-container\">\n\t\t\t\t\t<h2 class=\"elementor-heading-title elementor-size-default\">Responsibility &amp; Respect<\/h2>\t\t\t\t<\/div>\n\t\t\t\t<\/div>\n\t\t\t\t<div class=\"elementor-element elementor-element-5ed8fa14 elementor-widget__width-initial elementor-widget-mobile__width-inherit elementor-widget-tablet__width-inherit elementor-widget elementor-widget-text-editor\" data-id=\"5ed8fa14\" data-element_type=\"widget\" data-widget_type=\"text-editor.default\">\n\t\t\t\t<div class=\"elementor-widget-container\">\n\t\t\t\t\t\t\t\t\t<div class=\"flex-shrink-0 flex flex-col relative items-end\"><div><div class=\"pt-0\"><div class=\"gizmo-bot-avatar flex h-8 w-8 items-center justify-center overflow-hidden rounded-full\"><div class=\"relative p-1 rounded-sm flex items-center justify-center bg-token-main-surface-primary text-token-text-primary h-8 w-8\">\u00a0<\/div><\/div><\/div><\/div><\/div><div class=\"group\/conversation-turn relative flex w-full min-w-0 flex-col agent-turn\"><div class=\"flex-col gap-1 md:gap-3\"><div class=\"flex max-w-full flex-col flex-grow\"><div class=\"min-h-[20px] text-message flex w-full flex-col items-end gap-2 whitespace-pre-wrap break-words [.text-message+&amp;]:mt-5 overflow-x-auto\" dir=\"auto\" data-message-author-role=\"assistant\" data-message-id=\"4e50ad89-6c0b-467f-8225-3e95f3099025\"><div class=\"flex w-full flex-col gap-1 empty:hidden first:pt-[3px]\"><div class=\"markdown prose w-full break-words dark:prose-invert light\"><p>Temo takes responsibility for the fragile marine ecosystem by working to reduce CO2 emissions from shipping and support the local economy. Respect for the blue immensity that attracts and embraces us is central. The aim is to preserve the fantastic environment and the primary sensory experiences through the use of cleaner and more sustainable solutions.<\/p><\/div><\/div><\/div><\/div><\/div><\/div>\t\t\t\t\t\t\t\t<\/div>\n\t\t\t\t<\/div>\n\t\t\t\t\t<\/div>\n\t\t\t\t<\/div>\n\t\t<div class=\"elementor-element elementor-element-18cbe6a1 e-flex e-con-boxed e-con e-child\" data-id=\"18cbe6a1\" data-element_type=\"container\" data-settings=\"{&quot;background_background&quot;:&quot;classic&quot;}\">\n\t\t\t\t\t<div class=\"e-con-inner\">\n\t\t\t\t\t<\/div>\n\t\t\t\t<\/div>\n\t\t\t\t<\/div>\n\t\t\t\t<\/div>\n\t\t<div class=\"elementor-element elementor-element-288c523c e-flex e-con-boxed e-con e-parent\" data-id=\"288c523c\" data-element_type=\"container\">\n\t\t\t\t\t<div class=\"e-con-inner\">\n\t\t<div class=\"elementor-element elementor-element-2641d091 e-flex e-con-boxed e-con e-child\" data-id=\"2641d091\" data-element_type=\"container\">\n\t\t\t\t\t<div class=\"e-con-inner\">\n\t\t\t\t<div class=\"elementor-element elementor-element-57003627 elementor-widget elementor-widget-video\" data-id=\"57003627\" data-element_type=\"widget\" data-settings=\"{&quot;youtube_url&quot;:&quot;https:\\\/\\\/www.youtube.com\\\/watch?v=oSDQhwpsXjY&quot;,&quot;video_type&quot;:&quot;youtube&quot;,&quot;controls&quot;:&quot;yes&quot;}\" data-widget_type=\"video.default\">\n\t\t\t\t<div class=\"elementor-widget-container\">\n\t\t\t\t\t\t\t<div class=\"elementor-wrapper elementor-open-inline\">\n\t\t\t<div class=\"elementor-video\"><\/div>\t\t<\/div>\n\t\t\t\t\t\t<\/div>\n\t\t\t\t<\/div>\n\t\t\t\t\t<\/div>\n\t\t\t\t<\/div>\n\t\t\t\t\t<\/div>\n\t\t\t\t<\/div>\n\t\t\t\t<\/div>","protected":false},"excerpt":{"rendered":"<p>Read more about TEMO France TEMo France Temo\u2019s team \u2013 made up of technicians, maritime consultants, researchers, communicators and creatives \u2013 is dedicated to inventing, reinventing and launching simple products and services that enhance the recreational boating experience. With innovative, patented and award-winning design solutions, Temo uses electric technology to sustainably transform the way boats are used. [\u2026]<\/p>","protected":false},"author":3,"featured_media":0,"parent":0,"menu_order":0,"comment_status":"closed","ping_status":"closed","template":"","meta":{"footnotes":""},"class_list":["post-3865","page","type-page","status-publish","hentry"],"yoast_head":"<!-- This site is optimized with the Yoast SEO plugin v26.1.1 - https:\/\/yoast.com\/wordpress\/plugins\/seo\/ -->\n<title>TEMO France - Elektrisk p\u00e5h\u00e6ngsmotor til b\u00e5d - Letv\u00e6gtselmotor<\/title>\n<meta name=\"description\" content=\"Elektrisk Motor til b\u00e5de produceret af TEMO France. En r\u00e6kke b\u00e6rbare, nemme elmotorer til alle typer af sm\u00e5 b\u00e5de: joller, sejlb\u00e5de, rob\u00e5de..\" \/>\n<meta name=\"robots\" content=\"index, follow, max-snippet:-1, max-image-preview:large, max-video-preview:-1\" \/>\n<link rel=\"canonical\" href=\"https:\/\/abmarine.dk\/en\/temo-france-elektrisk-baad-motor\/\" \/>\n<meta property=\"og:locale\" content=\"en_GB\" \/>\n<meta property=\"og:type\" content=\"article\" \/>\n<meta property=\"og:title\" content=\"TEMO France - Elektrisk p\u00e5h\u00e6ngsmotor til b\u00e5d - Letv\u00e6gtselmotor\" \/>\n<meta property=\"og:description\" content=\"Elektrisk Motor til b\u00e5de produceret af TEMO France. En r\u00e6kke b\u00e6rbare, nemme elmotorer til alle typer af sm\u00e5 b\u00e5de: joller, sejlb\u00e5de, rob\u00e5de..\" \/>\n<meta property=\"og:url\" content=\"https:\/\/abmarine.dk\/en\/temo-france-elektrisk-baad-motor\/\" \/>\n<meta property=\"og:site_name\" content=\"AB Marine\" \/>\n<meta property=\"article:publisher\" content=\"https:\/\/www.facebook.com\/ABscandinavia\" \/>\n<meta property=\"article:modified_time\" content=\"2025-03-17T10:02:59+00:00\" \/>\n<meta property=\"og:image\" content=\"https:\/\/abmarine.dk\/wp-content\/uploads\/2024\/07\/LogoTemoBaseline-EN-301-scaled.jpg\" \/>\n\t<meta property=\"og:image:width\" content=\"2560\" \/>\n\t<meta property=\"og:image:height\" content=\"760\" \/>\n\t<meta property=\"og:image:type\" content=\"image\/jpeg\" \/>\n<meta name=\"twitter:card\" content=\"summary_large_image\" \/>\n<meta name=\"twitter:label1\" content=\"Estimated reading time\" \/>\n\t<meta name=\"twitter:data1\" content=\"2 minutes\" \/>\n<script type=\"application\/ld+json\" class=\"yoast-schema-graph\">{\"@context\":\"https:\/\/schema.org\",\"@graph\":[{\"@type\":\"WebPage\",\"@id\":\"https:\/\/abmarine.dk\/temo-france-elektrisk-baad-motor\/\",\"url\":\"https:\/\/abmarine.dk\/temo-france-elektrisk-baad-motor\/\",\"name\":\"TEMO France - Elektrisk p\u00e5h\u00e6ngsmotor til b\u00e5d - Letv\u00e6gtselmotor\",\"isPartOf\":{\"@id\":\"https:\/\/abmarine.dk\/#website\"},\"primaryImageOfPage\":{\"@id\":\"https:\/\/abmarine.dk\/temo-france-elektrisk-baad-motor\/#primaryimage\"},\"image\":{\"@id\":\"https:\/\/abmarine.dk\/temo-france-elektrisk-baad-motor\/#primaryimage\"},\"thumbnailUrl\":\"https:\/\/abmarine.dk\/wp-content\/uploads\/2024\/07\/LogoTemoBaseline-EN-301-1024x304.jpg\",\"datePublished\":\"2024-07-25T12:24:17+00:00\",\"dateModified\":\"2025-03-17T10:02:59+00:00\",\"description\":\"Elektrisk Motor til b\u00e5de produceret af TEMO France. En r\u00e6kke b\u00e6rbare, nemme elmotorer til alle typer af sm\u00e5 b\u00e5de: joller, sejlb\u00e5de, rob\u00e5de..\",\"inLanguage\":\"en-GB\",\"potentialAction\":[{\"@type\":\"ReadAction\",\"target\":[\"https:\/\/abmarine.dk\/temo-france-elektrisk-baad-motor\/\"]}]},{\"@type\":\"ImageObject\",\"inLanguage\":\"en-GB\",\"@id\":\"https:\/\/abmarine.dk\/temo-france-elektrisk-baad-motor\/#primaryimage\",\"url\":\"https:\/\/abmarine.dk\/wp-content\/uploads\/2024\/07\/LogoTemoBaseline-EN-301-1024x304.jpg\",\"contentUrl\":\"https:\/\/abmarine.dk\/wp-content\/uploads\/2024\/07\/LogoTemoBaseline-EN-301-1024x304.jpg\"},{\"@type\":\"WebSite\",\"@id\":\"https:\/\/abmarine.dk\/#website\",\"url\":\"https:\/\/abmarine.dk\/\",\"name\":\"AB Marine\",\"description\":\"\",\"publisher\":{\"@id\":\"https:\/\/abmarine.dk\/#organization\"},\"potentialAction\":[{\"@type\":\"SearchAction\",\"target\":{\"@type\":\"EntryPoint\",\"urlTemplate\":\"https:\/\/abmarine.dk\/?s={search_term_string}\"},\"query-input\":{\"@type\":\"PropertyValueSpecification\",\"valueRequired\":true,\"valueName\":\"search_term_string\"}}],\"inLanguage\":\"en-GB\"},{\"@type\":\"Organization\",\"@id\":\"https:\/\/abmarine.dk\/#organization\",\"name\":\"AB Marine\",\"url\":\"https:\/\/abmarine.dk\/\",\"logo\":{\"@type\":\"ImageObject\",\"inLanguage\":\"en-GB\",\"@id\":\"https:\/\/abmarine.dk\/#\/schema\/logo\/image\/\",\"url\":\"https:\/\/abmarine.dk\/wp-content\/uploads\/2024\/11\/cropped-Ikke-angivet-1_Tegnebraet-1.png\",\"contentUrl\":\"https:\/\/abmarine.dk\/wp-content\/uploads\/2024\/11\/cropped-Ikke-angivet-1_Tegnebraet-1.png\",\"width\":512,\"height\":512,\"caption\":\"AB Marine\"},\"image\":{\"@id\":\"https:\/\/abmarine.dk\/#\/schema\/logo\/image\/\"},\"sameAs\":[\"https:\/\/www.facebook.com\/ABscandinavia\",\"https:\/\/www.instagram.com\/abinflatables_danmark\/\"]}]}<\/script>\n<!-- \/ Yoast SEO plugin. -->","yoast_head_json":{"title":"TEMO France - Electric outboard motor for boat - Lightweight electric motor","description":"Electric Motor for boats produced by TEMO France. A range of portable, easy electric motors for all types of small boats: dinghies, sailboats, rowboats..","robots":{"index":"index","follow":"follow","max-snippet":"max-snippet:-1","max-image-preview":"max-image-preview:large","max-video-preview":"max-video-preview:-1"},"canonical":"https:\/\/abmarine.dk\/en\/temo-france-elektrisk-baad-motor\/","og_locale":"en_GB","og_type":"article","og_title":"TEMO France - Elektrisk p\u00e5h\u00e6ngsmotor til b\u00e5d - Letv\u00e6gtselmotor","og_description":"Elektrisk Motor til b\u00e5de produceret af TEMO France. En r\u00e6kke b\u00e6rbare, nemme elmotorer til alle typer af sm\u00e5 b\u00e5de: joller, sejlb\u00e5de, rob\u00e5de..","og_url":"https:\/\/abmarine.dk\/en\/temo-france-elektrisk-baad-motor\/","og_site_name":"AB Marine","article_publisher":"https:\/\/www.facebook.com\/ABscandinavia","article_modified_time":"2025-03-17T10:02:59+00:00","og_image":[{"width":2560,"height":760,"url":"https:\/\/abmarine.dk\/wp-content\/uploads\/2024\/07\/LogoTemoBaseline-EN-301-scaled.jpg","type":"image\/jpeg"}],"twitter_card":"summary_large_image","twitter_misc":{"Estimated reading time":"2 minutes"},"schema":{"@context":"https:\/\/schema.org","@graph":[{"@type":"WebPage","@id":"https:\/\/abmarine.dk\/temo-france-elektrisk-baad-motor\/","url":"https:\/\/abmarine.dk\/temo-france-elektrisk-baad-motor\/","name":"TEMO France - Electric outboard motor for boat - Lightweight electric motor","isPartOf":{"@id":"https:\/\/abmarine.dk\/#website"},"primaryImageOfPage":{"@id":"https:\/\/abmarine.dk\/temo-france-elektrisk-baad-motor\/#primaryimage"},"image":{"@id":"https:\/\/abmarine.dk\/temo-france-elektrisk-baad-motor\/#primaryimage"},"thumbnailUrl":"https:\/\/abmarine.dk\/wp-content\/uploads\/2024\/07\/LogoTemoBaseline-EN-301-1024x304.jpg","datePublished":"2024-07-25T12:24:17+00:00","dateModified":"2025-03-17T10:02:59+00:00","description":"Electric Motor for boats produced by TEMO France. A range of portable, easy electric motors for all types of small boats: dinghies, sailboats, rowboats..","inLanguage":"en-GB","potentialAction":[{"@type":"ReadAction","target":["https:\/\/abmarine.dk\/temo-france-elektrisk-baad-motor\/"]}]},{"@type":"ImageObject","inLanguage":"en-GB","@id":"https:\/\/abmarine.dk\/temo-france-elektrisk-baad-motor\/#primaryimage","url":"https:\/\/abmarine.dk\/wp-content\/uploads\/2024\/07\/LogoTemoBaseline-EN-301-1024x304.jpg","contentUrl":"https:\/\/abmarine.dk\/wp-content\/uploads\/2024\/07\/LogoTemoBaseline-EN-301-1024x304.jpg"},{"@type":"WebSite","@id":"https:\/\/abmarine.dk\/#website","url":"https:\/\/abmarine.dk\/","name":"AB Marine","description":"","publisher":{"@id":"https:\/\/abmarine.dk\/#organization"},"potentialAction":[{"@type":"SearchAction","target":{"@type":"EntryPoint","urlTemplate":"https:\/\/abmarine.dk\/?s={search_term_string}"},"query-input":{"@type":"PropertyValueSpecification","valueRequired":true,"valueName":"search_term_string"}}],"inLanguage":"en-GB"},{"@type":"Organization","@id":"https:\/\/abmarine.dk\/#organization","name":"AB Marine","url":"https:\/\/abmarine.dk\/","logo":{"@type":"ImageObject","inLanguage":"en-GB","@id":"https:\/\/abmarine.dk\/#\/schema\/logo\/image\/","url":"https:\/\/abmarine.dk\/wp-content\/uploads\/2024\/11\/cropped-Ikke-angivet-1_Tegnebraet-1.png","contentUrl":"https:\/\/abmarine.dk\/wp-content\/uploads\/2024\/11\/cropped-Ikke-angivet-1_Tegnebraet-1.png","width":512,"height":512,"caption":"AB Marine"},"image":{"@id":"https:\/\/abmarine.dk\/#\/schema\/logo\/image\/"},"sameAs":["https:\/\/www.facebook.com\/ABscandinavia","https:\/\/www.instagram.com\/abinflatables_danmark\/"]}]}},"_links":{"self":[{"href":"https:\/\/abmarine.dk\/en\/wp-json\/wp\/v2\/pages\/3865","targetHints":{"allow":["GET"]}}],"collection":[{"href":"https:\/\/abmarine.dk\/en\/wp-json\/wp\/v2\/pages"}],"about":[{"href":"https:\/\/abmarine.dk\/en\/wp-json\/wp\/v2\/types\/page"}],"author":[{"embeddable":true,"href":"https:\/\/abmarine.dk\/en\/wp-json\/wp\/v2\/users\/3"}],"replies":[{"embeddable":true,"href":"https:\/\/abmarine.dk\/en\/wp-json\/wp\/v2\/comments?post=3865"}],"version-history":[{"count":21,"href":"https:\/\/abmarine.dk\/en\/wp-json\/wp\/v2\/pages\/3865\/revisions"}],"predecessor-version":[{"id":5981,"href":"https:\/\/abmarine.dk\/en\/wp-json\/wp\/v2\/pages\/3865\/revisions\/5981"}],"wp:attachment":[{"href":"https:\/\/abmarine.dk\/en\/wp-json\/wp\/v2\/media?parent=3865"}],"curies":[{"name":"wp","href":"https:\/\/api.w.org\/{rel}","templated":true}]}}