{"id":3881,"date":"2024-07-25T16:08:05","date_gmt":"2024-07-25T14:08:05","guid":{"rendered":"https:\/\/abmarine.dk.prolinux101.curanetserver.dk\/?page_id=3881"},"modified":"2024-08-21T12:48:07","modified_gmt":"2024-08-21T10:48:07","slug":"ab-inflatables","status":"publish","type":"page","link":"https:\/\/abmarine.dk\/en\/ab-inflatables\/","title":{"rendered":"Ab Inflatables"},"content":{"rendered":"<div data-elementor-type=\"wp-page\" data-elementor-id=\"3881\" class=\"elementor elementor-3881\" data-elementor-post-type=\"page\">\n\t\t\t\t<div class=\"elementor-element elementor-element-c54d78b e-flex e-con-boxed e-con e-parent\" data-id=\"c54d78b\" data-element_type=\"container\">\n\t\t\t\t\t<div class=\"e-con-inner\">\n\t\t\t\t<div class=\"elementor-element elementor-element-ea5c0ff elementor-align-center elementor-widget elementor-widget-button\" data-id=\"ea5c0ff\" data-element_type=\"widget\" data-widget_type=\"button.default\">\n\t\t\t\t<div class=\"elementor-widget-container\">\n\t\t\t\t\t\t\t\t\t<div class=\"elementor-button-wrapper\">\n\t\t\t\t\t<a class=\"elementor-button elementor-button-link elementor-size-sm\" href=\"https:\/\/www.abinflatables.com\/why-ab\/\">\n\t\t\t\t\t\t<span class=\"elementor-button-content-wrapper\">\n\t\t\t\t\t\t\t\t\t<span class=\"elementor-button-text\">Read more about AB Inflatables<\/span>\n\t\t\t\t\t<\/span>\n\t\t\t\t\t<\/a>\n\t\t\t\t<\/div>\n\t\t\t\t\t\t\t\t<\/div>\n\t\t\t\t<\/div>\n\t\t\t\t\t<\/div>\n\t\t\t\t<\/div>\n\t\t<div class=\"elementor-element elementor-element-6190748d e-flex e-con-boxed e-con e-parent\" data-id=\"6190748d\" data-element_type=\"container\" data-settings=\"{&quot;background_background&quot;:&quot;classic&quot;}\">\n\t\t\t\t\t<div class=\"e-con-inner\">\n\t\t<div class=\"elementor-element elementor-element-2469b92f e-con-full e-flex e-con e-child\" data-id=\"2469b92f\" data-element_type=\"container\">\n\t\t\t\t<div class=\"elementor-element elementor-element-3a2e3c4 elementor-widget elementor-widget-heading\" data-id=\"3a2e3c4\" data-element_type=\"widget\" data-widget_type=\"heading.default\">\n\t\t\t\t<div class=\"elementor-widget-container\">\n\t\t\t\t\t<h1 class=\"elementor-heading-title elementor-size-default\">AB Inflatables<\/h1>\t\t\t\t<\/div>\n\t\t\t\t<\/div>\n\t\t\t\t<\/div>\n\t\t<div class=\"elementor-element elementor-element-2726fff0 e-con-full e-flex e-con e-child\" data-id=\"2726fff0\" data-element_type=\"container\">\n\t\t\t\t<div class=\"elementor-element elementor-element-55f55e7f elementor-widget elementor-widget-text-editor\" data-id=\"55f55e7f\" data-element_type=\"widget\" data-widget_type=\"text-editor.default\">\n\t\t\t\t<div class=\"elementor-widget-container\">\n\t\t\t\t\t\t\t\t\t<p>AB Inflatables is a leading manufacturer of inflatables and RIBs with a global presence. Founded in 1969 in Argentina, the company has since established itself as a reliable supplier of high quality and durable boats to both professional users and recreational enthusiasts worldwide.<\/p>\t\t\t\t\t\t\t\t<\/div>\n\t\t\t\t<\/div>\n\t\t\t\t<\/div>\n\t\t\t\t\t<\/div>\n\t\t\t\t<\/div>\n\t\t<div class=\"elementor-element elementor-element-2ed2f5c9 e-flex e-con-boxed e-con e-parent\" data-id=\"2ed2f5c9\" data-element_type=\"container\">\n\t\t\t\t\t<div class=\"e-con-inner\">\n\t\t\t\t<div class=\"elementor-element elementor-element-216af78a elementor-widget elementor-widget-image\" data-id=\"216af78a\" data-element_type=\"widget\" data-widget_type=\"image.default\">\n\t\t\t\t<div class=\"elementor-widget-container\">\n\t\t\t\t\t\t\t\t\t\t\t\t\t\t\t<img fetchpriority=\"high\" decoding=\"async\" width=\"420\" height=\"137\" src=\"https:\/\/abmarine.dk\/wp-content\/uploads\/2024\/05\/logo-newsletter.png\" class=\"attachment-large size-large wp-image-1801\" alt=\"\" srcset=\"https:\/\/abmarine.dk\/wp-content\/uploads\/2024\/05\/logo-newsletter.png 420w, https:\/\/abmarine.dk\/wp-content\/uploads\/2024\/05\/logo-newsletter-300x98.png 300w\" sizes=\"(max-width: 420px) 100vw, 420px\" \/>\t\t\t\t\t\t\t\t\t\t\t\t\t\t\t<\/div>\n\t\t\t\t<\/div>\n\t\t\t\t\t<\/div>\n\t\t\t\t<\/div>\n\t\t<div class=\"elementor-element elementor-element-20b0fd95 e-con-full e-flex e-con e-parent\" data-id=\"20b0fd95\" data-element_type=\"container\">\n\t\t<div class=\"elementor-element elementor-element-20468a17 e-con-full e-flex e-con e-child\" data-id=\"20468a17\" data-element_type=\"container\">\n\t\t<div class=\"elementor-element elementor-element-4d6cda7c e-flex e-con-boxed e-con e-child\" data-id=\"4d6cda7c\" data-element_type=\"container\">\n\t\t\t\t\t<div class=\"e-con-inner\">\n\t\t\t\t<div class=\"elementor-element elementor-element-7537310c elementor-widget__width-initial elementor-widget-mobile__width-inherit elementor-widget-tablet__width-inherit elementor-widget elementor-widget-heading\" data-id=\"7537310c\" data-element_type=\"widget\" data-widget_type=\"heading.default\">\n\t\t\t\t<div class=\"elementor-widget-container\">\n\t\t\t\t\t<h2 class=\"elementor-heading-title elementor-size-default\">Design<\/h2>\t\t\t\t<\/div>\n\t\t\t\t<\/div>\n\t\t\t\t<div class=\"elementor-element elementor-element-747e607a elementor-widget__width-initial elementor-widget-mobile__width-inherit elementor-widget-tablet__width-inherit elementor-widget elementor-widget-text-editor\" data-id=\"747e607a\" data-element_type=\"widget\" data-widget_type=\"text-editor.default\">\n\t\t\t\t<div class=\"elementor-widget-container\">\n\t\t\t\t\t\t\t\t\t<p>Our superior RIBs (rigid inflatable boats), manufactured with the highest quality materials and attention to detail, are recognized and admired worldwide. Designed for recreational use, commercial operations and jet ski segments, they are available in over 80 models.<\/p><p>Each AB model features a unique forward hull design that creates a raised bow and improves performance by enabling easier planing with less horsepower. This allows the boat to cut through waves and chop, virtually eliminating spray. The result is a smoother, more stable and drier ride than any other inflatable boat on the market.<\/p>\t\t\t\t\t\t\t\t<\/div>\n\t\t\t\t<\/div>\n\t\t\t\t\t<\/div>\n\t\t\t\t<\/div>\n\t\t<div class=\"elementor-element elementor-element-39f90ad5 e-flex e-con-boxed e-con e-child\" data-id=\"39f90ad5\" data-element_type=\"container\" data-settings=\"{&quot;background_background&quot;:&quot;classic&quot;}\">\n\t\t\t\t\t<div class=\"e-con-inner\">\n\t\t\t\t\t<\/div>\n\t\t\t\t<\/div>\n\t\t\t\t<\/div>\n\t\t\t\t<\/div>\n\t\t<div class=\"elementor-element elementor-element-480475e2 e-con-full e-flex e-con e-parent\" data-id=\"480475e2\" data-element_type=\"container\">\n\t\t<div class=\"elementor-element elementor-element-e29957a e-con-full e-flex e-con e-child\" data-id=\"e29957a\" data-element_type=\"container\">\n\t\t<div class=\"elementor-element elementor-element-6f5d8f03 e-flex e-con-boxed e-con e-child\" data-id=\"6f5d8f03\" data-element_type=\"container\" data-settings=\"{&quot;background_background&quot;:&quot;classic&quot;}\">\n\t\t\t\t\t<div class=\"e-con-inner\">\n\t\t\t\t\t<\/div>\n\t\t\t\t<\/div>\n\t\t<div class=\"elementor-element elementor-element-1a00515d e-flex e-con-boxed e-con e-child\" data-id=\"1a00515d\" data-element_type=\"container\" data-settings=\"{&quot;background_background&quot;:&quot;classic&quot;}\">\n\t\t\t\t\t<div class=\"e-con-inner\">\n\t\t\t\t<div class=\"elementor-element elementor-element-beda25a elementor-widget__width-initial elementor-widget-mobile__width-inherit elementor-widget-tablet__width-inherit elementor-widget elementor-widget-heading\" data-id=\"beda25a\" data-element_type=\"widget\" data-widget_type=\"heading.default\">\n\t\t\t\t<div class=\"elementor-widget-container\">\n\t\t\t\t\t<h2 class=\"elementor-heading-title elementor-size-default\">Quality<\/h2>\t\t\t\t<\/div>\n\t\t\t\t<\/div>\n\t\t\t\t<div class=\"elementor-element elementor-element-675a816 elementor-widget__width-initial elementor-widget-mobile__width-inherit elementor-widget-tablet__width-inherit elementor-widget elementor-widget-text-editor\" data-id=\"675a816\" data-element_type=\"widget\" data-widget_type=\"text-editor.default\">\n\t\t\t\t<div class=\"elementor-widget-container\">\n\t\t\t\t\t\t\t\t\t<p>As part of our unwavering dedication to producing superior inflatable boats, we hand build 100% of our boats in-house, including hulls, pontoons, rigging and inboard motor installations. Our commitment to each boat ensures that even the smallest details are handled with care. The result is a complete line of inflatable boats, designed and built to delight our customers with the exceptional quality they expect from AB.<\/p>\t\t\t\t\t\t\t\t<\/div>\n\t\t\t\t<\/div>\n\t\t\t\t\t<\/div>\n\t\t\t\t<\/div>\n\t\t\t\t<\/div>\n\t\t\t\t<\/div>\n\t\t<div class=\"elementor-element elementor-element-71a9cebe e-con-full e-flex e-con e-parent\" data-id=\"71a9cebe\" data-element_type=\"container\">\n\t\t<div class=\"elementor-element elementor-element-47b71b0a e-con-full e-flex e-con e-child\" data-id=\"47b71b0a\" data-element_type=\"container\">\n\t\t<div class=\"elementor-element elementor-element-3677385e e-flex e-con-boxed e-con e-child\" data-id=\"3677385e\" data-element_type=\"container\">\n\t\t\t\t\t<div class=\"e-con-inner\">\n\t\t\t\t<div class=\"elementor-element elementor-element-6ef2d771 elementor-widget__width-initial elementor-widget-mobile__width-inherit elementor-widget-tablet__width-inherit elementor-widget elementor-widget-heading\" data-id=\"6ef2d771\" data-element_type=\"widget\" data-widget_type=\"heading.default\">\n\t\t\t\t<div class=\"elementor-widget-container\">\n\t\t\t\t\t<h2 class=\"elementor-heading-title elementor-size-default\">Security<\/h2>\t\t\t\t<\/div>\n\t\t\t\t<\/div>\n\t\t\t\t<div class=\"elementor-element elementor-element-8a8cd03 elementor-widget__width-initial elementor-widget-mobile__width-inherit elementor-widget-tablet__width-inherit elementor-widget elementor-widget-text-editor\" data-id=\"8a8cd03\" data-element_type=\"widget\" data-widget_type=\"text-editor.default\">\n\t\t\t\t<div class=\"elementor-widget-container\">\n\t\t\t\t\t\t\t\t\t<p>Product safety is of utmost importance to any boat builder. That&#039;s why we work with the marine industry&#039;s most trusted and respected suppliers to ensure that only high quality components are used in every AB boat. We further our commitment to safety by continuously auditing our processes to ensure compliance with all certification requirements.<\/p>\t\t\t\t\t\t\t\t<\/div>\n\t\t\t\t<\/div>\n\t\t\t\t\t<\/div>\n\t\t\t\t<\/div>\n\t\t<div class=\"elementor-element elementor-element-7105a48e e-flex e-con-boxed e-con e-child\" data-id=\"7105a48e\" data-element_type=\"container\" data-settings=\"{&quot;background_background&quot;:&quot;classic&quot;}\">\n\t\t\t\t\t<div class=\"e-con-inner\">\n\t\t\t\t\t<\/div>\n\t\t\t\t<\/div>\n\t\t\t\t<\/div>\n\t\t\t\t<\/div>\n\t\t<div class=\"elementor-element elementor-element-286547fb e-flex e-con-boxed e-con e-parent\" data-id=\"286547fb\" data-element_type=\"container\">\n\t\t\t\t\t<div class=\"e-con-inner\">\n\t\t<div class=\"elementor-element elementor-element-35eedf27 e-flex e-con-boxed e-con e-child\" data-id=\"35eedf27\" data-element_type=\"container\">\n\t\t\t\t\t<div class=\"e-con-inner\">\n\t\t\t\t<div class=\"elementor-element elementor-element-11ef6f11 elementor-widget elementor-widget-video\" data-id=\"11ef6f11\" data-element_type=\"widget\" data-settings=\"{&quot;youtube_url&quot;:&quot;https:\\\/\\\/www.youtube.com\\\/watch?v=ULzRc_bEi4A&amp;ab_channel=ABInflatablesChannel&quot;,&quot;video_type&quot;:&quot;youtube&quot;,&quot;controls&quot;:&quot;yes&quot;}\" data-widget_type=\"video.default\">\n\t\t\t\t<div class=\"elementor-widget-container\">\n\t\t\t\t\t\t\t<div class=\"elementor-wrapper elementor-open-inline\">\n\t\t\t<div class=\"elementor-video\"><\/div>\t\t<\/div>\n\t\t\t\t\t\t<\/div>\n\t\t\t\t<\/div>\n\t\t\t\t\t<\/div>\n\t\t\t\t<\/div>\n\t\t\t\t\t<\/div>\n\t\t\t\t<\/div>\n\t\t\t\t<\/div>","protected":false},"excerpt":{"rendered":"<p>Read more about AB Inflatables AB Inflatables AB Inflatables is a leading manufacturer of inflatable boats and RIB boats with a global presence. Founded in 1969 in Argentina, the company has since established itself as a reliable supplier of high quality and durable boats to both professional users and recreational enthusiasts worldwide. Design Our superior RIB boats [\u2026]<\/p>","protected":false},"author":3,"featured_media":0,"parent":0,"menu_order":0,"comment_status":"closed","ping_status":"closed","template":"","meta":{"footnotes":""},"class_list":["post-3881","page","type-page","status-publish","hentry"],"yoast_head":"<!-- This site is optimized with the Yoast SEO plugin v26.1.1 - https:\/\/yoast.com\/wordpress\/plugins\/seo\/ -->\n<title>Ab Inflatables - AB Marine<\/title>\n<meta name=\"robots\" content=\"index, follow, max-snippet:-1, max-image-preview:large, max-video-preview:-1\" \/>\n<link rel=\"canonical\" href=\"https:\/\/abmarine.dk\/en\/ab-inflatables\/\" \/>\n<meta property=\"og:locale\" content=\"en_GB\" \/>\n<meta property=\"og:type\" content=\"article\" \/>\n<meta property=\"og:title\" content=\"Ab Inflatables - AB Marine\" \/>\n<meta property=\"og:description\" content=\"L\u00e6s mere om AB Inflatables AB Inflatables AB Inflatables er en f\u00f8rende producent af gummib\u00e5de og RIB-b\u00e5de med global tilstedev\u00e6relse. Virksomheden blev grundlagt i 1969 i Argentina og har siden etableret sig som en p\u00e5lidelig leverand\u00f8r af h\u00f8j kvalitet og holdbare b\u00e5de til b\u00e5de professionelle brugere og fritidsentusiaster over hele verden. Design Vores overlegne RIB-b\u00e5de [&hellip;]\" \/>\n<meta property=\"og:url\" content=\"https:\/\/abmarine.dk\/en\/ab-inflatables\/\" \/>\n<meta property=\"og:site_name\" content=\"AB Marine\" \/>\n<meta property=\"article:publisher\" content=\"https:\/\/www.facebook.com\/ABscandinavia\" \/>\n<meta property=\"article:modified_time\" content=\"2024-08-21T10:48:07+00:00\" \/>\n<meta property=\"og:image\" content=\"https:\/\/abmarine.dk\/wp-content\/uploads\/2024\/05\/logo-newsletter.png\" \/>\n<meta name=\"twitter:card\" content=\"summary_large_image\" \/>\n<meta name=\"twitter:label1\" content=\"Estimated reading time\" \/>\n\t<meta name=\"twitter:data1\" content=\"2 minutes\" \/>\n<script type=\"application\/ld+json\" class=\"yoast-schema-graph\">{\"@context\":\"https:\/\/schema.org\",\"@graph\":[{\"@type\":\"WebPage\",\"@id\":\"https:\/\/abmarine.dk\/ab-inflatables\/\",\"url\":\"https:\/\/abmarine.dk\/ab-inflatables\/\",\"name\":\"Ab Inflatables - AB Marine\",\"isPartOf\":{\"@id\":\"https:\/\/abmarine.dk\/#website\"},\"primaryImageOfPage\":{\"@id\":\"https:\/\/abmarine.dk\/ab-inflatables\/#primaryimage\"},\"image\":{\"@id\":\"https:\/\/abmarine.dk\/ab-inflatables\/#primaryimage\"},\"thumbnailUrl\":\"https:\/\/abmarine.dk\/wp-content\/uploads\/2024\/05\/logo-newsletter.png\",\"datePublished\":\"2024-07-25T14:08:05+00:00\",\"dateModified\":\"2024-08-21T10:48:07+00:00\",\"inLanguage\":\"en-GB\",\"potentialAction\":[{\"@type\":\"ReadAction\",\"target\":[\"https:\/\/abmarine.dk\/ab-inflatables\/\"]}]},{\"@type\":\"ImageObject\",\"inLanguage\":\"en-GB\",\"@id\":\"https:\/\/abmarine.dk\/ab-inflatables\/#primaryimage\",\"url\":\"https:\/\/abmarine.dk\/wp-content\/uploads\/2024\/05\/logo-newsletter.png\",\"contentUrl\":\"https:\/\/abmarine.dk\/wp-content\/uploads\/2024\/05\/logo-newsletter.png\"},{\"@type\":\"WebSite\",\"@id\":\"https:\/\/abmarine.dk\/#website\",\"url\":\"https:\/\/abmarine.dk\/\",\"name\":\"AB Marine\",\"description\":\"\",\"publisher\":{\"@id\":\"https:\/\/abmarine.dk\/#organization\"},\"potentialAction\":[{\"@type\":\"SearchAction\",\"target\":{\"@type\":\"EntryPoint\",\"urlTemplate\":\"https:\/\/abmarine.dk\/?s={search_term_string}\"},\"query-input\":{\"@type\":\"PropertyValueSpecification\",\"valueRequired\":true,\"valueName\":\"search_term_string\"}}],\"inLanguage\":\"en-GB\"},{\"@type\":\"Organization\",\"@id\":\"https:\/\/abmarine.dk\/#organization\",\"name\":\"AB Marine\",\"url\":\"https:\/\/abmarine.dk\/\",\"logo\":{\"@type\":\"ImageObject\",\"inLanguage\":\"en-GB\",\"@id\":\"https:\/\/abmarine.dk\/#\/schema\/logo\/image\/\",\"url\":\"https:\/\/abmarine.dk\/wp-content\/uploads\/2024\/11\/cropped-Ikke-angivet-1_Tegnebraet-1.png\",\"contentUrl\":\"https:\/\/abmarine.dk\/wp-content\/uploads\/2024\/11\/cropped-Ikke-angivet-1_Tegnebraet-1.png\",\"width\":512,\"height\":512,\"caption\":\"AB Marine\"},\"image\":{\"@id\":\"https:\/\/abmarine.dk\/#\/schema\/logo\/image\/\"},\"sameAs\":[\"https:\/\/www.facebook.com\/ABscandinavia\",\"https:\/\/www.instagram.com\/abinflatables_danmark\/\"]}]}<\/script>\n<!-- \/ Yoast SEO plugin. -->","yoast_head_json":{"title":"Ab Inflatables - AB Marine","robots":{"index":"index","follow":"follow","max-snippet":"max-snippet:-1","max-image-preview":"max-image-preview:large","max-video-preview":"max-video-preview:-1"},"canonical":"https:\/\/abmarine.dk\/en\/ab-inflatables\/","og_locale":"en_GB","og_type":"article","og_title":"Ab Inflatables - AB Marine","og_description":"L\u00e6s mere om AB Inflatables AB Inflatables AB Inflatables er en f\u00f8rende producent af gummib\u00e5de og RIB-b\u00e5de med global tilstedev\u00e6relse. Virksomheden blev grundlagt i 1969 i Argentina og har siden etableret sig som en p\u00e5lidelig leverand\u00f8r af h\u00f8j kvalitet og holdbare b\u00e5de til b\u00e5de professionelle brugere og fritidsentusiaster over hele verden. Design Vores overlegne RIB-b\u00e5de [&hellip;]","og_url":"https:\/\/abmarine.dk\/en\/ab-inflatables\/","og_site_name":"AB Marine","article_publisher":"https:\/\/www.facebook.com\/ABscandinavia","article_modified_time":"2024-08-21T10:48:07+00:00","og_image":[{"url":"https:\/\/abmarine.dk\/wp-content\/uploads\/2024\/05\/logo-newsletter.png","type":"","width":"","height":""}],"twitter_card":"summary_large_image","twitter_misc":{"Estimated reading time":"2 minutes"},"schema":{"@context":"https:\/\/schema.org","@graph":[{"@type":"WebPage","@id":"https:\/\/abmarine.dk\/ab-inflatables\/","url":"https:\/\/abmarine.dk\/ab-inflatables\/","name":"Ab Inflatables - AB Marine","isPartOf":{"@id":"https:\/\/abmarine.dk\/#website"},"primaryImageOfPage":{"@id":"https:\/\/abmarine.dk\/ab-inflatables\/#primaryimage"},"image":{"@id":"https:\/\/abmarine.dk\/ab-inflatables\/#primaryimage"},"thumbnailUrl":"https:\/\/abmarine.dk\/wp-content\/uploads\/2024\/05\/logo-newsletter.png","datePublished":"2024-07-25T14:08:05+00:00","dateModified":"2024-08-21T10:48:07+00:00","inLanguage":"en-GB","potentialAction":[{"@type":"ReadAction","target":["https:\/\/abmarine.dk\/ab-inflatables\/"]}]},{"@type":"ImageObject","inLanguage":"en-GB","@id":"https:\/\/abmarine.dk\/ab-inflatables\/#primaryimage","url":"https:\/\/abmarine.dk\/wp-content\/uploads\/2024\/05\/logo-newsletter.png","contentUrl":"https:\/\/abmarine.dk\/wp-content\/uploads\/2024\/05\/logo-newsletter.png"},{"@type":"WebSite","@id":"https:\/\/abmarine.dk\/#website","url":"https:\/\/abmarine.dk\/","name":"AB Marine","description":"","publisher":{"@id":"https:\/\/abmarine.dk\/#organization"},"potentialAction":[{"@type":"SearchAction","target":{"@type":"EntryPoint","urlTemplate":"https:\/\/abmarine.dk\/?s={search_term_string}"},"query-input":{"@type":"PropertyValueSpecification","valueRequired":true,"valueName":"search_term_string"}}],"inLanguage":"en-GB"},{"@type":"Organization","@id":"https:\/\/abmarine.dk\/#organization","name":"AB Marine","url":"https:\/\/abmarine.dk\/","logo":{"@type":"ImageObject","inLanguage":"en-GB","@id":"https:\/\/abmarine.dk\/#\/schema\/logo\/image\/","url":"https:\/\/abmarine.dk\/wp-content\/uploads\/2024\/11\/cropped-Ikke-angivet-1_Tegnebraet-1.png","contentUrl":"https:\/\/abmarine.dk\/wp-content\/uploads\/2024\/11\/cropped-Ikke-angivet-1_Tegnebraet-1.png","width":512,"height":512,"caption":"AB Marine"},"image":{"@id":"https:\/\/abmarine.dk\/#\/schema\/logo\/image\/"},"sameAs":["https:\/\/www.facebook.com\/ABscandinavia","https:\/\/www.instagram.com\/abinflatables_danmark\/"]}]}},"_links":{"self":[{"href":"https:\/\/abmarine.dk\/en\/wp-json\/wp\/v2\/pages\/3881","targetHints":{"allow":["GET"]}}],"collection":[{"href":"https:\/\/abmarine.dk\/en\/wp-json\/wp\/v2\/pages"}],"about":[{"href":"https:\/\/abmarine.dk\/en\/wp-json\/wp\/v2\/types\/page"}],"author":[{"embeddable":true,"href":"https:\/\/abmarine.dk\/en\/wp-json\/wp\/v2\/users\/3"}],"replies":[{"embeddable":true,"href":"https:\/\/abmarine.dk\/en\/wp-json\/wp\/v2\/comments?post=3881"}],"version-history":[{"count":14,"href":"https:\/\/abmarine.dk\/en\/wp-json\/wp\/v2\/pages\/3881\/revisions"}],"predecessor-version":[{"id":4804,"href":"https:\/\/abmarine.dk\/en\/wp-json\/wp\/v2\/pages\/3881\/revisions\/4804"}],"wp:attachment":[{"href":"https:\/\/abmarine.dk\/en\/wp-json\/wp\/v2\/media?parent=3881"}],"curies":[{"name":"wp","href":"https:\/\/api.w.org\/{rel}","templated":true}]}}