{"id":3895,"date":"2024-07-25T16:19:31","date_gmt":"2024-07-25T14:19:31","guid":{"rendered":"https:\/\/abmarine.dk.prolinux101.curanetserver.dk\/?page_id=3895"},"modified":"2025-04-01T13:13:23","modified_gmt":"2025-04-01T11:13:23","slug":"mercury","status":"publish","type":"page","link":"https:\/\/abmarine.dk\/en\/mercury\/","title":{"rendered":"Mercury"},"content":{"rendered":"<div data-elementor-type=\"wp-page\" data-elementor-id=\"3895\" class=\"elementor elementor-3895\" data-elementor-post-type=\"page\">\n\t\t\t\t<div class=\"elementor-element elementor-element-3b697216 e-flex e-con-boxed e-con e-parent\" data-id=\"3b697216\" data-element_type=\"container\" data-settings=\"{&quot;background_background&quot;:&quot;classic&quot;}\">\n\t\t\t\t\t<div class=\"e-con-inner\">\n\t\t<div class=\"elementor-element elementor-element-41596b38 e-con-full e-flex e-con e-child\" data-id=\"41596b38\" data-element_type=\"container\">\n\t\t\t\t<div class=\"elementor-element elementor-element-56e9fc02 elementor-widget elementor-widget-heading\" data-id=\"56e9fc02\" data-element_type=\"widget\" data-widget_type=\"heading.default\">\n\t\t\t\t<div class=\"elementor-widget-container\">\n\t\t\t\t\t<h1 class=\"elementor-heading-title elementor-size-default\">Mercury<\/h1>\t\t\t\t<\/div>\n\t\t\t\t<\/div>\n\t\t\t\t<\/div>\n\t\t<div class=\"elementor-element elementor-element-28a8c62 e-con-full e-flex e-con e-child\" data-id=\"28a8c62\" data-element_type=\"container\">\n\t\t\t\t<div class=\"elementor-element elementor-element-eb2a28f elementor-widget elementor-widget-text-editor\" data-id=\"eb2a28f\" data-element_type=\"widget\" data-widget_type=\"text-editor.default\">\n\t\t\t\t<div class=\"elementor-widget-container\">\n\t\t\t\t\t\t\t\t\t<p>Mercury Marine is a globally recognized manufacturer of marine engines and boat technology, known for their innovative design, reliability and performance. With a history stretching back to 1939, Mercury Marine has established itself as a leading player in boat propulsion systems.<\/p>\t\t\t\t\t\t\t\t<\/div>\n\t\t\t\t<\/div>\n\t\t\t\t<\/div>\n\t\t\t\t\t<\/div>\n\t\t\t\t<\/div>\n\t\t<div class=\"elementor-element elementor-element-23e7bdd5 e-flex e-con-boxed e-con e-parent\" data-id=\"23e7bdd5\" data-element_type=\"container\">\n\t\t\t\t\t<div class=\"e-con-inner\">\n\t\t\t\t<div class=\"elementor-element elementor-element-3a4c426c elementor-widget elementor-widget-image\" data-id=\"3a4c426c\" data-element_type=\"widget\" data-widget_type=\"image.default\">\n\t\t\t\t<div class=\"elementor-widget-container\">\n\t\t\t\t\t\t\t\t\t\t\t\t\t\t\t<img fetchpriority=\"high\" decoding=\"async\" width=\"800\" height=\"191\" src=\"https:\/\/abmarine.dk\/wp-content\/uploads\/2024\/07\/Mercury_Lockup_1c.jpg\" class=\"attachment-large size-large wp-image-3897\" alt=\"Mercury Logo\" srcset=\"https:\/\/abmarine.dk\/wp-content\/uploads\/2024\/07\/Mercury_Lockup_1c.jpg 800w, https:\/\/abmarine.dk\/wp-content\/uploads\/2024\/07\/Mercury_Lockup_1c-300x72.jpg 300w, https:\/\/abmarine.dk\/wp-content\/uploads\/2024\/07\/Mercury_Lockup_1c-768x183.jpg 768w, https:\/\/abmarine.dk\/wp-content\/uploads\/2024\/07\/Mercury_Lockup_1c-18x4.jpg 18w\" sizes=\"(max-width: 800px) 100vw, 800px\" \/>\t\t\t\t\t\t\t\t\t\t\t\t\t\t\t<\/div>\n\t\t\t\t<\/div>\n\t\t\t\t\t<\/div>\n\t\t\t\t<\/div>\n\t\t<div class=\"elementor-element elementor-element-64b14cc1 e-con-full e-flex e-con e-parent\" data-id=\"64b14cc1\" data-element_type=\"container\">\n\t\t<div class=\"elementor-element elementor-element-7db066f1 e-con-full e-flex e-con e-child\" data-id=\"7db066f1\" data-element_type=\"container\">\n\t\t<div class=\"elementor-element elementor-element-3ef1bc96 e-flex e-con-boxed e-con e-child\" data-id=\"3ef1bc96\" data-element_type=\"container\">\n\t\t\t\t\t<div class=\"e-con-inner\">\n\t\t\t\t<div class=\"elementor-element elementor-element-3a1c5e70 elementor-widget__width-initial elementor-widget-mobile__width-inherit elementor-widget-tablet__width-inherit elementor-widget elementor-widget-heading\" data-id=\"3a1c5e70\" data-element_type=\"widget\" data-widget_type=\"heading.default\">\n\t\t\t\t<div class=\"elementor-widget-container\">\n\t\t\t\t\t<h2 class=\"elementor-heading-title elementor-size-default\">Product range and Technology<\/h2>\t\t\t\t<\/div>\n\t\t\t\t<\/div>\n\t\t\t\t<div class=\"elementor-element elementor-element-25bf47b3 elementor-widget__width-initial elementor-widget-mobile__width-inherit elementor-widget-tablet__width-inherit elementor-widget elementor-widget-text-editor\" data-id=\"25bf47b3\" data-element_type=\"widget\" data-widget_type=\"text-editor.default\">\n\t\t\t\t<div class=\"elementor-widget-container\">\n\t\t\t\t\t\t\t\t\t<p>Mercury Motor offers a wide range of products, including outboards, inboards and propulsion systems, designed to deliver maximum power and efficiency. Their engines are known for advanced technologies such as electronic fuel injection, which ensures optimal performance and fuel economy, as well as digital throttle and shift (DTS) for precise control and smooth operation.<\/p>\t\t\t\t\t\t\t\t<\/div>\n\t\t\t\t<\/div>\n\t\t\t\t\t<\/div>\n\t\t\t\t<\/div>\n\t\t<div class=\"elementor-element elementor-element-71ae9410 e-flex e-con-boxed e-con e-child\" data-id=\"71ae9410\" data-element_type=\"container\" data-settings=\"{&quot;background_background&quot;:&quot;classic&quot;}\">\n\t\t\t\t\t<div class=\"e-con-inner\">\n\t\t\t\t\t<\/div>\n\t\t\t\t<\/div>\n\t\t\t\t<\/div>\n\t\t\t\t<\/div>\n\t\t<div class=\"elementor-element elementor-element-5dd7c5c e-con-full e-flex e-con e-parent\" data-id=\"5dd7c5c\" data-element_type=\"container\">\n\t\t<div class=\"elementor-element elementor-element-531e1525 e-con-full e-flex e-con e-child\" data-id=\"531e1525\" data-element_type=\"container\">\n\t\t<div class=\"elementor-element elementor-element-44bccfec e-flex e-con-boxed e-con e-child\" data-id=\"44bccfec\" data-element_type=\"container\" data-settings=\"{&quot;background_background&quot;:&quot;classic&quot;}\">\n\t\t\t\t\t<div class=\"e-con-inner\">\n\t\t\t\t\t<\/div>\n\t\t\t\t<\/div>\n\t\t<div class=\"elementor-element elementor-element-570d406f e-flex e-con-boxed e-con e-child\" data-id=\"570d406f\" data-element_type=\"container\" data-settings=\"{&quot;background_background&quot;:&quot;classic&quot;}\">\n\t\t\t\t\t<div class=\"e-con-inner\">\n\t\t\t\t<div class=\"elementor-element elementor-element-1efc9eb7 elementor-widget__width-initial elementor-widget-mobile__width-inherit elementor-widget-tablet__width-inherit elementor-widget elementor-widget-heading\" data-id=\"1efc9eb7\" data-element_type=\"widget\" data-widget_type=\"heading.default\">\n\t\t\t\t<div class=\"elementor-widget-container\">\n\t\t\t\t\t<h2 class=\"elementor-heading-title elementor-size-default\">Quality<\/h2>\t\t\t\t<\/div>\n\t\t\t\t<\/div>\n\t\t\t\t<div class=\"elementor-element elementor-element-af00313 elementor-widget__width-initial elementor-widget-mobile__width-inherit elementor-widget-tablet__width-inherit elementor-widget elementor-widget-text-editor\" data-id=\"af00313\" data-element_type=\"widget\" data-widget_type=\"text-editor.default\">\n\t\t\t\t<div class=\"elementor-widget-container\">\n\t\t\t\t\t\t\t\t\t<p>The company places great emphasis on quality and innovation. Each engine is constructed with durable materials and undergoes rigorous testing to ensure reliability under even the most demanding conditions. Mercury Marine is also working to reduce environmental impact by developing engines with lower emissions and higher fuel efficiency.<\/p>\t\t\t\t\t\t\t\t<\/div>\n\t\t\t\t<\/div>\n\t\t\t\t\t<\/div>\n\t\t\t\t<\/div>\n\t\t\t\t<\/div>\n\t\t\t\t<\/div>\n\t\t<div class=\"elementor-element elementor-element-7c1b6a91 e-con-full e-flex e-con e-parent\" data-id=\"7c1b6a91\" data-element_type=\"container\">\n\t\t<div class=\"elementor-element elementor-element-5f48c09f e-con-full e-flex e-con e-child\" data-id=\"5f48c09f\" data-element_type=\"container\">\n\t\t<div class=\"elementor-element elementor-element-7b7f5eaf e-flex e-con-boxed e-con e-child\" data-id=\"7b7f5eaf\" data-element_type=\"container\">\n\t\t\t\t\t<div class=\"e-con-inner\">\n\t\t\t\t<div class=\"elementor-element elementor-element-5df5f2bb elementor-widget__width-initial elementor-widget-mobile__width-inherit elementor-widget-tablet__width-inherit elementor-widget elementor-widget-heading\" data-id=\"5df5f2bb\" data-element_type=\"widget\" data-widget_type=\"heading.default\">\n\t\t\t\t<div class=\"elementor-widget-container\">\n\t\t\t\t\t<h2 class=\"elementor-heading-title elementor-size-default\">From 2.5hp to 600hp<\/h2>\t\t\t\t<\/div>\n\t\t\t\t<\/div>\n\t\t\t\t<div class=\"elementor-element elementor-element-4a53f293 elementor-widget__width-initial elementor-widget-mobile__width-inherit elementor-widget-tablet__width-inherit elementor-widget elementor-widget-text-editor\" data-id=\"4a53f293\" data-element_type=\"widget\" data-widget_type=\"text-editor.default\">\n\t\t\t\t<div class=\"elementor-widget-container\">\n\t\t\t\t\t\t\t\t\t<p>Mercury gives you the freedom to choose exactly the engine that suits your boat and your needs.<\/p><p>Contact us or come by and find out which engine is right for you.<\/p><h2>Efficient engines<\/h2><p style=\"box-sizing: inherit; margin: 0px 0px 1em; line-height: 26px; font-family: var(--font_p); font-stretch: normal; min-height: 14px; color: #000000 !important;\">Whether you need an electric Avator\u00ae or a larger outboard depends on your needs. Regardless, Mercury offers engines with efficient consumption when sized correctly.<\/p><p style=\"box-sizing: inherit; margin: 0px 0px 1em; line-height: 26px; font-family: var(--font_p); font-stretch: normal; min-height: 14px; color: #000000 !important;\">Come in and let us find out what you need.<\/p><h2>5 YEAR WARRANTY<\/h2><p style=\"box-sizing: inherit; margin: 0px 0px 1em; line-height: 26px; font-family: var(--font_p); font-stretch: normal; min-height: 14px; color: #000000 !important;\">When your engines are registered and serviced correctly, at an authorized Mercury dealer, you are offered a 5 year(*) warranty on your outboard.<\/p><p style=\"box-sizing: inherit; margin: 0px 0px 1em; line-height: 26px; font-family: var(--font_p); font-stretch: normal; min-height: 14px; color: #000000 !important;\">*) There may be exceptions to\u00a0<em style=\"box-sizing: inherit;\">Racing<\/em>- engines as well\u00a0<em style=\"box-sizing: inherit;\">profession<\/em>.<\/p>\t\t\t\t\t\t\t\t<\/div>\n\t\t\t\t<\/div>\n\t\t\t\t\t<\/div>\n\t\t\t\t<\/div>\n\t\t<div class=\"elementor-element elementor-element-47c99771 e-flex e-con-boxed e-con e-child\" data-id=\"47c99771\" data-element_type=\"container\" data-settings=\"{&quot;background_background&quot;:&quot;classic&quot;}\">\n\t\t\t\t\t<div class=\"e-con-inner\">\n\t\t\t\t\t<\/div>\n\t\t\t\t<\/div>\n\t\t\t\t<\/div>\n\t\t\t\t<\/div>\n\t\t<div class=\"elementor-element elementor-element-79038b1 e-flex e-con-boxed e-con e-parent\" data-id=\"79038b1\" data-element_type=\"container\">\n\t\t\t\t\t<div class=\"e-con-inner\">\n\t\t<div class=\"elementor-element elementor-element-54d6386d e-flex e-con-boxed e-con e-child\" data-id=\"54d6386d\" data-element_type=\"container\">\n\t\t\t\t\t<div class=\"e-con-inner\">\n\t\t\t\t<div class=\"elementor-element elementor-element-4e542391 elementor-widget elementor-widget-video\" data-id=\"4e542391\" data-element_type=\"widget\" data-settings=\"{&quot;youtube_url&quot;:&quot;https:\\\/\\\/www.youtube.com\\\/watch?v=zGmWlJcm4Ps&quot;,&quot;video_type&quot;:&quot;youtube&quot;,&quot;controls&quot;:&quot;yes&quot;}\" data-widget_type=\"video.default\">\n\t\t\t\t<div class=\"elementor-widget-container\">\n\t\t\t\t\t\t\t<div class=\"elementor-wrapper elementor-open-inline\">\n\t\t\t<div class=\"elementor-video\"><\/div>\t\t<\/div>\n\t\t\t\t\t\t<\/div>\n\t\t\t\t<\/div>\n\t\t\t\t\t<\/div>\n\t\t\t\t<\/div>\n\t\t\t\t\t<\/div>\n\t\t\t\t<\/div>\n\t\t\t\t<\/div>","protected":false},"excerpt":{"rendered":"<p>Mercury Mercury Marine is a globally recognized manufacturer of marine engines and boat technology, known for their innovative design, reliability and performance. With a history stretching back to 1939, Mercury Marine has established itself as a leading player in boat propulsion systems. Product Range and Technology Mercury Motor offers a wide range of products, [\u2026]<\/p>","protected":false},"author":3,"featured_media":0,"parent":0,"menu_order":0,"comment_status":"closed","ping_status":"closed","template":"","meta":{"footnotes":""},"class_list":["post-3895","page","type-page","status-publish","hentry"],"yoast_head":"<!-- This site is optimized with the Yoast SEO plugin v26.1.1 - https:\/\/yoast.com\/wordpress\/plugins\/seo\/ -->\n<title>Mercury - P\u00e5h\u00e6ngsmotorer - El b\u00e5dmotorer<\/title>\n<meta name=\"description\" content=\"P\u00e5h\u00e6ngsmotorer med h\u00f8j ydeevne og lang levetid. Find den optimale motor, der er skr\u00e6ddersyet til din b\u00e5d og dit behov.\" \/>\n<meta name=\"robots\" content=\"index, follow, max-snippet:-1, max-image-preview:large, max-video-preview:-1\" \/>\n<link rel=\"canonical\" href=\"https:\/\/abmarine.dk\/en\/mercury\/\" \/>\n<meta property=\"og:locale\" content=\"en_GB\" \/>\n<meta property=\"og:type\" content=\"article\" \/>\n<meta property=\"og:title\" content=\"Mercury - P\u00e5h\u00e6ngsmotorer - El b\u00e5dmotorer\" \/>\n<meta property=\"og:description\" content=\"P\u00e5h\u00e6ngsmotorer med h\u00f8j ydeevne og lang levetid. Find den optimale motor, der er skr\u00e6ddersyet til din b\u00e5d og dit behov.\" \/>\n<meta property=\"og:url\" content=\"https:\/\/abmarine.dk\/en\/mercury\/\" \/>\n<meta property=\"og:site_name\" content=\"AB Marine\" \/>\n<meta property=\"article:publisher\" content=\"https:\/\/www.facebook.com\/ABscandinavia\" \/>\n<meta property=\"article:modified_time\" content=\"2025-04-01T11:13:23+00:00\" \/>\n<meta property=\"og:image\" content=\"https:\/\/abmarine.dk\/wp-content\/uploads\/2024\/07\/Mercury_Lockup_1c.jpg\" \/>\n\t<meta property=\"og:image:width\" content=\"800\" \/>\n\t<meta property=\"og:image:height\" content=\"191\" \/>\n\t<meta property=\"og:image:type\" content=\"image\/jpeg\" \/>\n<meta name=\"twitter:card\" content=\"summary_large_image\" \/>\n<meta name=\"twitter:label1\" content=\"Estimated reading time\" \/>\n\t<meta name=\"twitter:data1\" content=\"2 minutes\" \/>\n<script type=\"application\/ld+json\" class=\"yoast-schema-graph\">{\"@context\":\"https:\/\/schema.org\",\"@graph\":[{\"@type\":\"WebPage\",\"@id\":\"https:\/\/abmarine.dk\/mercury\/\",\"url\":\"https:\/\/abmarine.dk\/mercury\/\",\"name\":\"Mercury - P\u00e5h\u00e6ngsmotorer - El b\u00e5dmotorer\",\"isPartOf\":{\"@id\":\"https:\/\/abmarine.dk\/#website\"},\"primaryImageOfPage\":{\"@id\":\"https:\/\/abmarine.dk\/mercury\/#primaryimage\"},\"image\":{\"@id\":\"https:\/\/abmarine.dk\/mercury\/#primaryimage\"},\"thumbnailUrl\":\"https:\/\/abmarine.dk\/wp-content\/uploads\/2024\/07\/Mercury_Lockup_1c.jpg\",\"datePublished\":\"2024-07-25T14:19:31+00:00\",\"dateModified\":\"2025-04-01T11:13:23+00:00\",\"description\":\"P\u00e5h\u00e6ngsmotorer med h\u00f8j ydeevne og lang levetid. Find den optimale motor, der er skr\u00e6ddersyet til din b\u00e5d og dit behov.\",\"inLanguage\":\"en-GB\",\"potentialAction\":[{\"@type\":\"ReadAction\",\"target\":[\"https:\/\/abmarine.dk\/mercury\/\"]}]},{\"@type\":\"ImageObject\",\"inLanguage\":\"en-GB\",\"@id\":\"https:\/\/abmarine.dk\/mercury\/#primaryimage\",\"url\":\"https:\/\/abmarine.dk\/wp-content\/uploads\/2024\/07\/Mercury_Lockup_1c.jpg\",\"contentUrl\":\"https:\/\/abmarine.dk\/wp-content\/uploads\/2024\/07\/Mercury_Lockup_1c.jpg\"},{\"@type\":\"WebSite\",\"@id\":\"https:\/\/abmarine.dk\/#website\",\"url\":\"https:\/\/abmarine.dk\/\",\"name\":\"AB Marine\",\"description\":\"\",\"publisher\":{\"@id\":\"https:\/\/abmarine.dk\/#organization\"},\"potentialAction\":[{\"@type\":\"SearchAction\",\"target\":{\"@type\":\"EntryPoint\",\"urlTemplate\":\"https:\/\/abmarine.dk\/?s={search_term_string}\"},\"query-input\":{\"@type\":\"PropertyValueSpecification\",\"valueRequired\":true,\"valueName\":\"search_term_string\"}}],\"inLanguage\":\"en-GB\"},{\"@type\":\"Organization\",\"@id\":\"https:\/\/abmarine.dk\/#organization\",\"name\":\"AB Marine\",\"url\":\"https:\/\/abmarine.dk\/\",\"logo\":{\"@type\":\"ImageObject\",\"inLanguage\":\"en-GB\",\"@id\":\"https:\/\/abmarine.dk\/#\/schema\/logo\/image\/\",\"url\":\"https:\/\/abmarine.dk\/wp-content\/uploads\/2024\/11\/cropped-Ikke-angivet-1_Tegnebraet-1.png\",\"contentUrl\":\"https:\/\/abmarine.dk\/wp-content\/uploads\/2024\/11\/cropped-Ikke-angivet-1_Tegnebraet-1.png\",\"width\":512,\"height\":512,\"caption\":\"AB Marine\"},\"image\":{\"@id\":\"https:\/\/abmarine.dk\/#\/schema\/logo\/image\/\"},\"sameAs\":[\"https:\/\/www.facebook.com\/ABscandinavia\",\"https:\/\/www.instagram.com\/abinflatables_danmark\/\"]}]}<\/script>\n<!-- \/ Yoast SEO plugin. -->","yoast_head_json":{"title":"Mercury - P\u00e5h\u00e6ngsmotorer - El b\u00e5dmotorer","description":"P\u00e5h\u00e6ngsmotorer med h\u00f8j ydeevne og lang levetid. Find den optimale motor, der er skr\u00e6ddersyet til din b\u00e5d og dit behov.","robots":{"index":"index","follow":"follow","max-snippet":"max-snippet:-1","max-image-preview":"max-image-preview:large","max-video-preview":"max-video-preview:-1"},"canonical":"https:\/\/abmarine.dk\/en\/mercury\/","og_locale":"en_GB","og_type":"article","og_title":"Mercury - P\u00e5h\u00e6ngsmotorer - El b\u00e5dmotorer","og_description":"P\u00e5h\u00e6ngsmotorer med h\u00f8j ydeevne og lang levetid. Find den optimale motor, der er skr\u00e6ddersyet til din b\u00e5d og dit behov.","og_url":"https:\/\/abmarine.dk\/en\/mercury\/","og_site_name":"AB Marine","article_publisher":"https:\/\/www.facebook.com\/ABscandinavia","article_modified_time":"2025-04-01T11:13:23+00:00","og_image":[{"width":800,"height":191,"url":"https:\/\/abmarine.dk\/wp-content\/uploads\/2024\/07\/Mercury_Lockup_1c.jpg","type":"image\/jpeg"}],"twitter_card":"summary_large_image","twitter_misc":{"Estimated reading time":"2 minutes"},"schema":{"@context":"https:\/\/schema.org","@graph":[{"@type":"WebPage","@id":"https:\/\/abmarine.dk\/mercury\/","url":"https:\/\/abmarine.dk\/mercury\/","name":"Mercury - P\u00e5h\u00e6ngsmotorer - El b\u00e5dmotorer","isPartOf":{"@id":"https:\/\/abmarine.dk\/#website"},"primaryImageOfPage":{"@id":"https:\/\/abmarine.dk\/mercury\/#primaryimage"},"image":{"@id":"https:\/\/abmarine.dk\/mercury\/#primaryimage"},"thumbnailUrl":"https:\/\/abmarine.dk\/wp-content\/uploads\/2024\/07\/Mercury_Lockup_1c.jpg","datePublished":"2024-07-25T14:19:31+00:00","dateModified":"2025-04-01T11:13:23+00:00","description":"P\u00e5h\u00e6ngsmotorer med h\u00f8j ydeevne og lang levetid. Find den optimale motor, der er skr\u00e6ddersyet til din b\u00e5d og dit behov.","inLanguage":"en-GB","potentialAction":[{"@type":"ReadAction","target":["https:\/\/abmarine.dk\/mercury\/"]}]},{"@type":"ImageObject","inLanguage":"en-GB","@id":"https:\/\/abmarine.dk\/mercury\/#primaryimage","url":"https:\/\/abmarine.dk\/wp-content\/uploads\/2024\/07\/Mercury_Lockup_1c.jpg","contentUrl":"https:\/\/abmarine.dk\/wp-content\/uploads\/2024\/07\/Mercury_Lockup_1c.jpg"},{"@type":"WebSite","@id":"https:\/\/abmarine.dk\/#website","url":"https:\/\/abmarine.dk\/","name":"AB Marine","description":"","publisher":{"@id":"https:\/\/abmarine.dk\/#organization"},"potentialAction":[{"@type":"SearchAction","target":{"@type":"EntryPoint","urlTemplate":"https:\/\/abmarine.dk\/?s={search_term_string}"},"query-input":{"@type":"PropertyValueSpecification","valueRequired":true,"valueName":"search_term_string"}}],"inLanguage":"en-GB"},{"@type":"Organization","@id":"https:\/\/abmarine.dk\/#organization","name":"AB Marine","url":"https:\/\/abmarine.dk\/","logo":{"@type":"ImageObject","inLanguage":"en-GB","@id":"https:\/\/abmarine.dk\/#\/schema\/logo\/image\/","url":"https:\/\/abmarine.dk\/wp-content\/uploads\/2024\/11\/cropped-Ikke-angivet-1_Tegnebraet-1.png","contentUrl":"https:\/\/abmarine.dk\/wp-content\/uploads\/2024\/11\/cropped-Ikke-angivet-1_Tegnebraet-1.png","width":512,"height":512,"caption":"AB Marine"},"image":{"@id":"https:\/\/abmarine.dk\/#\/schema\/logo\/image\/"},"sameAs":["https:\/\/www.facebook.com\/ABscandinavia","https:\/\/www.instagram.com\/abinflatables_danmark\/"]}]}},"_links":{"self":[{"href":"https:\/\/abmarine.dk\/en\/wp-json\/wp\/v2\/pages\/3895","targetHints":{"allow":["GET"]}}],"collection":[{"href":"https:\/\/abmarine.dk\/en\/wp-json\/wp\/v2\/pages"}],"about":[{"href":"https:\/\/abmarine.dk\/en\/wp-json\/wp\/v2\/types\/page"}],"author":[{"embeddable":true,"href":"https:\/\/abmarine.dk\/en\/wp-json\/wp\/v2\/users\/3"}],"replies":[{"embeddable":true,"href":"https:\/\/abmarine.dk\/en\/wp-json\/wp\/v2\/comments?post=3895"}],"version-history":[{"count":24,"href":"https:\/\/abmarine.dk\/en\/wp-json\/wp\/v2\/pages\/3895\/revisions"}],"predecessor-version":[{"id":5990,"href":"https:\/\/abmarine.dk\/en\/wp-json\/wp\/v2\/pages\/3895\/revisions\/5990"}],"wp:attachment":[{"href":"https:\/\/abmarine.dk\/en\/wp-json\/wp\/v2\/media?parent=3895"}],"curies":[{"name":"wp","href":"https:\/\/api.w.org\/{rel}","templated":true}]}}