{"id":6294,"date":"2025-08-13T13:50:20","date_gmt":"2025-08-13T11:50:20","guid":{"rendered":"https:\/\/abmarine.dk\/?page_id=6294"},"modified":"2025-08-25T13:40:25","modified_gmt":"2025-08-25T11:40:25","slug":"lagersalg","status":"publish","type":"page","link":"https:\/\/abmarine.dk\/en\/lagersalg\/","title":{"rendered":"Lagersalg"},"content":{"rendered":"<div data-elementor-type=\"wp-page\" data-elementor-id=\"6294\" class=\"elementor elementor-6294\" data-elementor-post-type=\"page\">\n\t\t\t\t<div class=\"elementor-element elementor-element-7500379 e-flex e-con-boxed e-con e-parent\" data-id=\"7500379\" data-element_type=\"container\" data-settings=\"{&quot;background_background&quot;:&quot;classic&quot;}\">\n\t\t\t\t\t<div class=\"e-con-inner\">\n\t\t\t\t<div class=\"elementor-element elementor-element-491d541 elementor-widget elementor-widget-spacer\" data-id=\"491d541\" data-element_type=\"widget\" data-widget_type=\"spacer.default\">\n\t\t\t\t<div class=\"elementor-widget-container\">\n\t\t\t\t\t\t\t<div class=\"elementor-spacer\">\n\t\t\t<div class=\"elementor-spacer-inner\"><\/div>\n\t\t<\/div>\n\t\t\t\t\t\t<\/div>\n\t\t\t\t<\/div>\n\t\t\t\t<div class=\"elementor-element elementor-element-6a56d41 elementor-widget__width-inherit elementor-widget elementor-widget-image\" data-id=\"6a56d41\" data-element_type=\"widget\" data-widget_type=\"image.default\">\n\t\t\t\t<div class=\"elementor-widget-container\">\n\t\t\t\t\t\t\t\t\t\t\t\t\t\t\t<img fetchpriority=\"high\" decoding=\"async\" width=\"1920\" height=\"1080\" src=\"https:\/\/abmarine.dk\/wp-content\/uploads\/2025\/08\/Unavngivet-1-1-1.png\" class=\"attachment-full size-full wp-image-6332\" alt=\"Lagersalg Ribb\u00e5d\" srcset=\"https:\/\/abmarine.dk\/wp-content\/uploads\/2025\/08\/Unavngivet-1-1-1.png 1920w, https:\/\/abmarine.dk\/wp-content\/uploads\/2025\/08\/Unavngivet-1-1-1-300x169.png 300w, https:\/\/abmarine.dk\/wp-content\/uploads\/2025\/08\/Unavngivet-1-1-1-1024x576.png 1024w, https:\/\/abmarine.dk\/wp-content\/uploads\/2025\/08\/Unavngivet-1-1-1-768x432.png 768w, https:\/\/abmarine.dk\/wp-content\/uploads\/2025\/08\/Unavngivet-1-1-1-1536x864.png 1536w, https:\/\/abmarine.dk\/wp-content\/uploads\/2025\/08\/Unavngivet-1-1-1-18x10.png 18w\" sizes=\"(max-width: 1920px) 100vw, 1920px\" \/>\t\t\t\t\t\t\t\t\t\t\t\t\t\t\t<\/div>\n\t\t\t\t<\/div>\n\t\t\t\t\t<\/div>\n\t\t\t\t<\/div>\n\t\t<div class=\"elementor-element elementor-element-2042514 e-flex e-con-boxed e-con e-parent\" data-id=\"2042514\" data-element_type=\"container\">\n\t\t\t\t\t<div class=\"e-con-inner\">\n\t\t\t\t<div class=\"elementor-element elementor-element-1559258 elementor-widget elementor-widget-spacer\" data-id=\"1559258\" data-element_type=\"widget\" data-widget_type=\"spacer.default\">\n\t\t\t\t<div class=\"elementor-widget-container\">\n\t\t\t\t\t\t\t<div class=\"elementor-spacer\">\n\t\t\t<div class=\"elementor-spacer-inner\"><\/div>\n\t\t<\/div>\n\t\t\t\t\t\t<\/div>\n\t\t\t\t<\/div>\n\t\t\t\t\t<\/div>\n\t\t\t\t<\/div>\n\t\t<div class=\"elementor-element elementor-element-f795e11 e-flex e-con-boxed e-con e-parent\" data-id=\"f795e11\" data-element_type=\"container\">\n\t\t\t\t\t<div class=\"e-con-inner\">\n\t\t\t\t<div class=\"elementor-element elementor-element-d285a02 elementor-widget elementor-widget-heading\" data-id=\"d285a02\" data-element_type=\"widget\" data-widget_type=\"heading.default\">\n\t\t\t\t<div class=\"elementor-widget-container\">\n\t\t\t\t\t<h2 class=\"elementor-heading-title elementor-size-default\"><h2 data-elementor-setting-key=\"title\" data-pen-placeholder=\"Skriv her...\" style=\"font-family: sofia-pro, sans-serif;line-height: 48px;--cm-modal-reject-border-color: var(--cm-modal-main-color);--cm-modal-reject-button-color-hover: var(--cm-modal-main-color-hover);--cm-modal-reject-border-color-hover: var(--cm-modal-main-color-hover)\">AB Marine stock sale <\/h2><\/h2>\t\t\t\t<\/div>\n\t\t\t\t<\/div>\n\t\t\t\t\t<\/div>\n\t\t\t\t<\/div>\n\t\t<div class=\"elementor-element elementor-element-837d33c e-flex e-con-boxed e-con e-parent\" data-id=\"837d33c\" data-element_type=\"container\">\n\t\t\t\t\t<div class=\"e-con-inner\">\n\t\t\t\t<div class=\"elementor-element elementor-element-96cbbe0 elementor-widget elementor-widget-text-editor\" data-id=\"96cbbe0\" data-element_type=\"widget\" data-widget_type=\"text-editor.default\">\n\t\t\t\t<div class=\"elementor-widget-container\">\n\t\t\t\t\t\t\t\t\t<p style=\"-webkit-font-smoothing: antialiased; margin-top: 0px; font-size: medium; margin-bottom: 1.6em; color: #1c1b1b; font-family: Lato, sans-serif;\">Get ready for Ab Marine&#039;s big sale on RIBs and motors! You can save up to 60% on a wide selection of our quality hypalon RIBs, in all sizes from 8 feet to 24 feet,\u00a0<\/p><p style=\"-webkit-font-smoothing: antialiased; margin-top: 0px; font-size: medium; margin-bottom: 1.6em; color: #1c1b1b; font-family: Lato, sans-serif;\"><span style=\"-webkit-font-smoothing: antialiased; font-weight: bold;\">The warehouse sale will take place throughout week 37.<\/span><\/p><p style=\"-webkit-font-smoothing: antialiased; margin-top: 0px; font-size: medium; margin-bottom: 1.6em; color: #1c1b1b; font-family: Lato, sans-serif;\"><span style=\"-webkit-font-smoothing: antialiased; font-weight: bold;\">Monday, September 8 through Sunday, September 14, 2025\u00a0<\/span><\/p><p style=\"-webkit-font-smoothing: antialiased; margin-top: 0px; font-size: medium; margin-bottom: 1.6em; color: #1c1b1b; font-family: Lato, sans-serif;\"><span style=\"-webkit-font-smoothing: antialiased; font-weight: bold;\">Every day 9:00 AM \u2013 5:00 PM\u00a0<\/span><\/p><p style=\"-webkit-font-smoothing: antialiased; margin-top: 0px; font-size: medium; margin-bottom: 1.6em; color: #1c1b1b; font-family: Lato, sans-serif;\"><span style=\"-webkit-font-smoothing: antialiased; font-weight: bold;\">Address:<\/span><br style=\"-webkit-font-smoothing: antialiased;\" \/>Islandsvej 5<br \/>5700 Svendborg<\/p><p style=\"-webkit-font-smoothing: antialiased; margin-top: 0px; font-size: medium; margin-bottom: 1.6em; color: #1c1b1b; font-family: Lato, sans-serif;\"><span style=\"-webkit-font-smoothing: antialiased; font-weight: bold;\">NOTE:<\/span>\u00a0Limited number of products \u2013 first come, first served.<\/p><ul style=\"-webkit-font-smoothing: antialiased; margin: 0px 0px 1.6em 30px; padding: 0px; list-style-position: outside; color: #1c1b1b; font-family: Lato, sans-serif; font-size: medium; background-color: #ffffff;\"><li style=\"-webkit-font-smoothing: antialiased; padding: 5px 0px;\">We accept MobilePay<\/li><li style=\"-webkit-font-smoothing: antialiased; padding: 5px 0px;\">Items purchased on the day cannot be exchanged\/returned.<\/li><li style=\"-webkit-font-smoothing: antialiased; padding: 5px 0px;\">Please bring your own trailer if you expect to buy a rib boat.<\/li><li style=\"-webkit-font-smoothing: antialiased; padding: 5px 0px;\">Easy and free parking<\/li><\/ul><p style=\"-webkit-font-smoothing: antialiased; margin-top: 0px; font-size: medium; margin-bottom: 0px; color: #1c1b1b; font-family: Lato, sans-serif;\">Come by and grab a bargain on quality products at fantastic prices. We look forward to seeing you!<\/p>\t\t\t\t\t\t\t\t<\/div>\n\t\t\t\t<\/div>\n\t\t\t\t<div class=\"elementor-element elementor-element-6bd143d elementor-widget elementor-widget-spacer\" data-id=\"6bd143d\" data-element_type=\"widget\" data-widget_type=\"spacer.default\">\n\t\t\t\t<div class=\"elementor-widget-container\">\n\t\t\t\t\t\t\t<div class=\"elementor-spacer\">\n\t\t\t<div class=\"elementor-spacer-inner\"><\/div>\n\t\t<\/div>\n\t\t\t\t\t\t<\/div>\n\t\t\t\t<\/div>\n\t\t\t\t\t<\/div>\n\t\t\t\t<\/div>\n\t\t<div class=\"elementor-element elementor-element-74ed2bc e-flex e-con-boxed e-con e-parent\" data-id=\"74ed2bc\" data-element_type=\"container\" data-settings=\"{&quot;background_background&quot;:&quot;classic&quot;}\">\n\t\t\t\t\t<div class=\"e-con-inner\">\n\t\t<div class=\"elementor-element elementor-element-018b741 e-con-full e-flex e-con e-child\" data-id=\"018b741\" data-element_type=\"container\">\n\t\t\t\t<div class=\"elementor-element elementor-element-c97a6d4 elementor-widget elementor-widget-image\" data-id=\"c97a6d4\" data-element_type=\"widget\" data-widget_type=\"image.default\">\n\t\t\t\t<div class=\"elementor-widget-container\">\n\t\t\t\t\t\t\t\t\t\t\t\t\t\t\t<img decoding=\"async\" width=\"681\" height=\"1024\" src=\"https:\/\/abmarine.dk\/wp-content\/uploads\/2025\/08\/03-Veber-681x1024.jpg\" class=\"attachment-large size-large wp-image-6297\" alt=\"Thomas Veber\" srcset=\"https:\/\/abmarine.dk\/wp-content\/uploads\/2025\/08\/03-Veber-681x1024.jpg 681w, https:\/\/abmarine.dk\/wp-content\/uploads\/2025\/08\/03-Veber-200x300.jpg 200w, https:\/\/abmarine.dk\/wp-content\/uploads\/2025\/08\/03-Veber-768x1154.jpg 768w, https:\/\/abmarine.dk\/wp-content\/uploads\/2025\/08\/03-Veber-1022x1536.jpg 1022w, https:\/\/abmarine.dk\/wp-content\/uploads\/2025\/08\/03-Veber-1363x2048.jpg 1363w, https:\/\/abmarine.dk\/wp-content\/uploads\/2025\/08\/03-Veber-8x12.jpg 8w, https:\/\/abmarine.dk\/wp-content\/uploads\/2025\/08\/03-Veber-scaled.jpg 1703w\" sizes=\"(max-width: 681px) 100vw, 681px\" \/>\t\t\t\t\t\t\t\t\t\t\t\t\t\t\t<\/div>\n\t\t\t\t<\/div>\n\t\t\t\t<\/div>\n\t\t<div class=\"elementor-element elementor-element-4ce55b5 e-con-full e-flex e-con e-child\" data-id=\"4ce55b5\" data-element_type=\"container\">\n\t\t\t\t<div class=\"elementor-element elementor-element-c7c9a15 elementor-widget elementor-widget-heading\" data-id=\"c7c9a15\" data-element_type=\"widget\" data-widget_type=\"heading.default\">\n\t\t\t\t<div class=\"elementor-widget-container\">\n\t\t\t\t\t<h2 class=\"elementor-heading-title elementor-size-default\">Lecture with Thomas Veber<\/h2>\t\t\t\t<\/div>\n\t\t\t\t<\/div>\n\t\t\t\t<div class=\"elementor-element elementor-element-6b68916 elementor-widget elementor-widget-text-editor\" data-id=\"6b68916\" data-element_type=\"widget\" data-widget_type=\"text-editor.default\">\n\t\t\t\t<div class=\"elementor-widget-container\">\n\t\t\t\t\t\t\t\t\t<p>&quot;The<strong data-start=\"130\" data-end=\"171\"> &quot;The last idiot hasn&#039;t been born yet.&quot;<\/strong> is the lecture that takes you on an adventure through Europe \u2013 on a budget so small that most people would shake their heads. But in Thomas Veber&#039;s hands, it becomes a journey filled with magical moments, wild challenges and unforgettable encounters.<br data-start=\"418\" data-end=\"421\" \/>From postcard-beautiful valleys between high mountains and lush riverbanks, to the drama when the German police stop the trip. Onward through the roaring current of the Rhine, to unexpected hospitality \u2013 and all the way to the anchor sinking in the deep blue waters of the Mediterranean.<br data-start=\"666\" data-end=\"669\" \/>A lecture about how small means can create big adventures \u2013 and why the best memories often arise when you least expect it.<\/p>\t\t\t\t\t\t\t\t<\/div>\n\t\t\t\t<\/div>\n\t\t\t\t<div class=\"elementor-element elementor-element-e399097 elementor-widget elementor-widget-text-editor\" data-id=\"e399097\" data-element_type=\"widget\" data-widget_type=\"text-editor.default\">\n\t\t\t\t<div class=\"elementor-widget-container\">\n\t\t\t\t\t\t\t\t\t<p>Time:\u00a0<\/p><p>Wednesday, September 10th at 7:00 PM\u00a0<\/p><p>Price:\u00a0<\/p><p>Free for everyone \u2013 all you have to do is register here below\u00a0<\/p><p>The first 50 registrations will receive a free drybag*<\/p>\t\t\t\t\t\t\t\t<\/div>\n\t\t\t\t<\/div>\n\t\t\t\t<div class=\"elementor-element elementor-element-1ac277b elementor-widget elementor-widget-heading\" data-id=\"1ac277b\" data-element_type=\"widget\" data-widget_type=\"heading.default\">\n\t\t\t\t<div class=\"elementor-widget-container\">\n\t\t\t\t\t<h2 class=\"elementor-heading-title elementor-size-default\">Sold out<\/h2>\t\t\t\t<\/div>\n\t\t\t\t<\/div>\n\t\t\t\t<div class=\"elementor-element elementor-element-0e3abaf elementor-widget elementor-widget-text-editor\" data-id=\"0e3abaf\" data-element_type=\"widget\" data-widget_type=\"text-editor.default\">\n\t\t\t\t<div class=\"elementor-widget-container\">\n\t\t\t\t\t\t\t\t\t<p>* Note: Applies to one Drybag per registration \u2013 regardless of the number of people.<\/p>\t\t\t\t\t\t\t\t<\/div>\n\t\t\t\t<\/div>\n\t\t\t\t<\/div>\n\t\t\t\t\t<\/div>\n\t\t\t\t<\/div>\n\t\t<div class=\"elementor-element elementor-element-4daa5fd e-flex e-con-boxed e-con e-parent\" data-id=\"4daa5fd\" data-element_type=\"container\">\n\t\t\t\t\t<div class=\"e-con-inner\">\n\t\t\t\t\t<\/div>\n\t\t\t\t<\/div>\n\t\t\t\t<\/div>","protected":false},"excerpt":{"rendered":"<p>Get ready for Ab Marine&#039;s big sale on RIBs and motors! You can save up to 60% on a wide selection of our quality hypalon RIBs, in all sizes from 8 feet to 24 feet,\u00a0<\/p>","protected":false},"author":3,"featured_media":6054,"parent":0,"menu_order":0,"comment_status":"closed","ping_status":"closed","template":"","meta":{"footnotes":""},"class_list":["post-6294","page","type-page","status-publish","has-post-thumbnail","hentry"],"yoast_head":"<!-- This site is optimized with the Yoast SEO plugin v26.1.1 - https:\/\/yoast.com\/wordpress\/plugins\/seo\/ -->\n<title>Lagersalg - Spar op til 60%<\/title>\n<meta name=\"description\" content=\"G\u00f8r et kup til AB Marine lagersalg! Spar op til 60% p\u00e5 AB Inflatables fra mandag 8. september til s\u00f8ndag 14. september, kl. 09-17.\" \/>\n<meta name=\"robots\" content=\"index, follow, max-snippet:-1, max-image-preview:large, max-video-preview:-1\" \/>\n<link rel=\"canonical\" href=\"https:\/\/abmarine.dk\/en\/lagersalg\/\" \/>\n<meta property=\"og:locale\" content=\"en_GB\" \/>\n<meta property=\"og:type\" content=\"article\" \/>\n<meta property=\"og:title\" content=\"Lagersalg\" \/>\n<meta property=\"og:description\" content=\"G\u00f8r dig klar til Ab Marine&#039;s store udsalg p\u00e5 ribb\u00e5de og motor! Du kan spare op til 60% p\u00e5 et bredt udvalg af vores kvalitets hypalon ribb\u00e5de, i alle st\u00f8rrelser fra 8 fod til 24 fod,\u00a0\" \/>\n<meta property=\"og:url\" content=\"https:\/\/abmarine.dk\/en\/lagersalg\/\" \/>\n<meta property=\"og:site_name\" content=\"AB Marine\" \/>\n<meta property=\"article:publisher\" content=\"https:\/\/www.facebook.com\/ABscandinavia\" \/>\n<meta property=\"article:modified_time\" content=\"2025-08-25T11:40:25+00:00\" \/>\n<meta property=\"og:image\" content=\"https:\/\/abmarine.dk\/wp-content\/uploads\/2025\/08\/Unavngivet-1.png\" \/>\n\t<meta property=\"og:image:width\" content=\"1920\" \/>\n\t<meta property=\"og:image:height\" content=\"1080\" \/>\n\t<meta property=\"og:image:type\" content=\"image\/png\" \/>\n<meta name=\"twitter:card\" content=\"summary_large_image\" \/>\n<meta name=\"twitter:label1\" content=\"Estimated reading time\" \/>\n\t<meta name=\"twitter:data1\" content=\"2 minutes\" \/>\n<script type=\"application\/ld+json\" class=\"yoast-schema-graph\">{\"@context\":\"https:\/\/schema.org\",\"@graph\":[{\"@type\":\"WebPage\",\"@id\":\"https:\/\/abmarine.dk\/lagersalg\/\",\"url\":\"https:\/\/abmarine.dk\/lagersalg\/\",\"name\":\"Lagersalg - Spar op til 60%\",\"isPartOf\":{\"@id\":\"https:\/\/abmarine.dk\/#website\"},\"primaryImageOfPage\":{\"@id\":\"https:\/\/abmarine.dk\/lagersalg\/#primaryimage\"},\"image\":{\"@id\":\"https:\/\/abmarine.dk\/lagersalg\/#primaryimage\"},\"thumbnailUrl\":\"https:\/\/abmarine.dk\/wp-content\/uploads\/2025\/04\/AB-MARINE-0010-scaled.jpg\",\"datePublished\":\"2025-08-13T11:50:20+00:00\",\"dateModified\":\"2025-08-25T11:40:25+00:00\",\"description\":\"G\u00f8r et kup til AB Marine lagersalg! Spar op til 60% p\u00e5 AB Inflatables fra mandag 8. september til s\u00f8ndag 14. september, kl. 09-17.\",\"inLanguage\":\"en-GB\",\"potentialAction\":[{\"@type\":\"ReadAction\",\"target\":[\"https:\/\/abmarine.dk\/lagersalg\/\"]}]},{\"@type\":\"ImageObject\",\"inLanguage\":\"en-GB\",\"@id\":\"https:\/\/abmarine.dk\/lagersalg\/#primaryimage\",\"url\":\"https:\/\/abmarine.dk\/wp-content\/uploads\/2025\/04\/AB-MARINE-0010-scaled.jpg\",\"contentUrl\":\"https:\/\/abmarine.dk\/wp-content\/uploads\/2025\/04\/AB-MARINE-0010-scaled.jpg\",\"width\":2560,\"height\":1691,\"caption\":\"Ab gummib\u00e5d, der planer med ung mand i. Der planer\"},{\"@type\":\"WebSite\",\"@id\":\"https:\/\/abmarine.dk\/#website\",\"url\":\"https:\/\/abmarine.dk\/\",\"name\":\"AB Marine\",\"description\":\"\",\"publisher\":{\"@id\":\"https:\/\/abmarine.dk\/#organization\"},\"potentialAction\":[{\"@type\":\"SearchAction\",\"target\":{\"@type\":\"EntryPoint\",\"urlTemplate\":\"https:\/\/abmarine.dk\/?s={search_term_string}\"},\"query-input\":{\"@type\":\"PropertyValueSpecification\",\"valueRequired\":true,\"valueName\":\"search_term_string\"}}],\"inLanguage\":\"en-GB\"},{\"@type\":\"Organization\",\"@id\":\"https:\/\/abmarine.dk\/#organization\",\"name\":\"AB Marine\",\"url\":\"https:\/\/abmarine.dk\/\",\"logo\":{\"@type\":\"ImageObject\",\"inLanguage\":\"en-GB\",\"@id\":\"https:\/\/abmarine.dk\/#\/schema\/logo\/image\/\",\"url\":\"https:\/\/abmarine.dk\/wp-content\/uploads\/2024\/11\/cropped-Ikke-angivet-1_Tegnebraet-1.png\",\"contentUrl\":\"https:\/\/abmarine.dk\/wp-content\/uploads\/2024\/11\/cropped-Ikke-angivet-1_Tegnebraet-1.png\",\"width\":512,\"height\":512,\"caption\":\"AB Marine\"},\"image\":{\"@id\":\"https:\/\/abmarine.dk\/#\/schema\/logo\/image\/\"},\"sameAs\":[\"https:\/\/www.facebook.com\/ABscandinavia\",\"https:\/\/www.instagram.com\/abinflatables_danmark\/\"]}]}<\/script>\n<!-- \/ Yoast SEO plugin. -->","yoast_head_json":{"title":"Lagersalg - Spar op til 60%","description":"G\u00f8r et kup til AB Marine lagersalg! Spar op til 60% p\u00e5 AB Inflatables fra mandag 8. september til s\u00f8ndag 14. september, kl. 09-17.","robots":{"index":"index","follow":"follow","max-snippet":"max-snippet:-1","max-image-preview":"max-image-preview:large","max-video-preview":"max-video-preview:-1"},"canonical":"https:\/\/abmarine.dk\/en\/lagersalg\/","og_locale":"en_GB","og_type":"article","og_title":"Lagersalg","og_description":"G\u00f8r dig klar til Ab Marine's store udsalg p\u00e5 ribb\u00e5de og motor! Du kan spare op til 60% p\u00e5 et bredt udvalg af vores kvalitets hypalon ribb\u00e5de, i alle st\u00f8rrelser fra 8 fod til 24 fod,\u00a0","og_url":"https:\/\/abmarine.dk\/en\/lagersalg\/","og_site_name":"AB Marine","article_publisher":"https:\/\/www.facebook.com\/ABscandinavia","article_modified_time":"2025-08-25T11:40:25+00:00","og_image":[{"width":1920,"height":1080,"url":"https:\/\/abmarine.dk\/wp-content\/uploads\/2025\/08\/Unavngivet-1.png","type":"image\/png"}],"twitter_card":"summary_large_image","twitter_misc":{"Estimated reading time":"2 minutes"},"schema":{"@context":"https:\/\/schema.org","@graph":[{"@type":"WebPage","@id":"https:\/\/abmarine.dk\/lagersalg\/","url":"https:\/\/abmarine.dk\/lagersalg\/","name":"Lagersalg - Spar op til 60%","isPartOf":{"@id":"https:\/\/abmarine.dk\/#website"},"primaryImageOfPage":{"@id":"https:\/\/abmarine.dk\/lagersalg\/#primaryimage"},"image":{"@id":"https:\/\/abmarine.dk\/lagersalg\/#primaryimage"},"thumbnailUrl":"https:\/\/abmarine.dk\/wp-content\/uploads\/2025\/04\/AB-MARINE-0010-scaled.jpg","datePublished":"2025-08-13T11:50:20+00:00","dateModified":"2025-08-25T11:40:25+00:00","description":"G\u00f8r et kup til AB Marine lagersalg! Spar op til 60% p\u00e5 AB Inflatables fra mandag 8. september til s\u00f8ndag 14. september, kl. 09-17.","inLanguage":"en-GB","potentialAction":[{"@type":"ReadAction","target":["https:\/\/abmarine.dk\/lagersalg\/"]}]},{"@type":"ImageObject","inLanguage":"en-GB","@id":"https:\/\/abmarine.dk\/lagersalg\/#primaryimage","url":"https:\/\/abmarine.dk\/wp-content\/uploads\/2025\/04\/AB-MARINE-0010-scaled.jpg","contentUrl":"https:\/\/abmarine.dk\/wp-content\/uploads\/2025\/04\/AB-MARINE-0010-scaled.jpg","width":2560,"height":1691,"caption":"Ab gummib\u00e5d, der planer med ung mand i. Der planer"},{"@type":"WebSite","@id":"https:\/\/abmarine.dk\/#website","url":"https:\/\/abmarine.dk\/","name":"AB Marine","description":"","publisher":{"@id":"https:\/\/abmarine.dk\/#organization"},"potentialAction":[{"@type":"SearchAction","target":{"@type":"EntryPoint","urlTemplate":"https:\/\/abmarine.dk\/?s={search_term_string}"},"query-input":{"@type":"PropertyValueSpecification","valueRequired":true,"valueName":"search_term_string"}}],"inLanguage":"en-GB"},{"@type":"Organization","@id":"https:\/\/abmarine.dk\/#organization","name":"AB Marine","url":"https:\/\/abmarine.dk\/","logo":{"@type":"ImageObject","inLanguage":"en-GB","@id":"https:\/\/abmarine.dk\/#\/schema\/logo\/image\/","url":"https:\/\/abmarine.dk\/wp-content\/uploads\/2024\/11\/cropped-Ikke-angivet-1_Tegnebraet-1.png","contentUrl":"https:\/\/abmarine.dk\/wp-content\/uploads\/2024\/11\/cropped-Ikke-angivet-1_Tegnebraet-1.png","width":512,"height":512,"caption":"AB Marine"},"image":{"@id":"https:\/\/abmarine.dk\/#\/schema\/logo\/image\/"},"sameAs":["https:\/\/www.facebook.com\/ABscandinavia","https:\/\/www.instagram.com\/abinflatables_danmark\/"]}]}},"_links":{"self":[{"href":"https:\/\/abmarine.dk\/en\/wp-json\/wp\/v2\/pages\/6294","targetHints":{"allow":["GET"]}}],"collection":[{"href":"https:\/\/abmarine.dk\/en\/wp-json\/wp\/v2\/pages"}],"about":[{"href":"https:\/\/abmarine.dk\/en\/wp-json\/wp\/v2\/types\/page"}],"author":[{"embeddable":true,"href":"https:\/\/abmarine.dk\/en\/wp-json\/wp\/v2\/users\/3"}],"replies":[{"embeddable":true,"href":"https:\/\/abmarine.dk\/en\/wp-json\/wp\/v2\/comments?post=6294"}],"version-history":[{"count":52,"href":"https:\/\/abmarine.dk\/en\/wp-json\/wp\/v2\/pages\/6294\/revisions"}],"predecessor-version":[{"id":6417,"href":"https:\/\/abmarine.dk\/en\/wp-json\/wp\/v2\/pages\/6294\/revisions\/6417"}],"wp:featuredmedia":[{"embeddable":true,"href":"https:\/\/abmarine.dk\/en\/wp-json\/wp\/v2\/media\/6054"}],"wp:attachment":[{"href":"https:\/\/abmarine.dk\/en\/wp-json\/wp\/v2\/media?parent=6294"}],"curies":[{"name":"wp","href":"https:\/\/api.w.org\/{rel}","templated":true}]}}